{"id":1508,"date":"2021-03-03T08:18:04","date_gmt":"2021-03-03T08:18:04","guid":{"rendered":"http:\/\/laqueusmuaythai.com\/?page_id=1508"},"modified":"2021-03-05T06:37:45","modified_gmt":"2021-03-05T06:37:45","slug":"historia-muay-thai_introduccion","status":"publish","type":"page","link":"https:\/\/laqueusmuaythai.com\/index.php\/historia-muay-thai_introduccion\/","title":{"rendered":"Historia Muay Thai_Parte 1"},"content":{"rendered":"\t\t<div data-elementor-type=\"wp-page\" data-elementor-id=\"1508\" class=\"elementor elementor-1508\" data-elementor-post-type=\"page\">\n\t\t\t\t\t\t<section class=\"elementor-section elementor-top-section elementor-element elementor-element-32545b9 elementor-section-height-min-height elementor-section-boxed elementor-section-height-default elementor-section-items-middle\" data-id=\"32545b9\" data-element_type=\"section\" data-e-type=\"section\" data-settings=\"{&quot;background_background&quot;:&quot;classic&quot;}\">\n\t\t\t\t\t\t\t<div class=\"elementor-background-overlay\"><\/div>\n\t\t\t\t\t\t\t<div class=\"elementor-container elementor-column-gap-default\">\n\t\t\t\t\t<div class=\"elementor-column elementor-col-100 elementor-top-column elementor-element elementor-element-1ccd179 animated-slow elementor-invisible\" data-id=\"1ccd179\" data-element_type=\"column\" data-e-type=\"column\" data-settings=\"{&quot;animation&quot;:&quot;fadeIn&quot;}\">\n\t\t\t<div class=\"elementor-widget-wrap elementor-element-populated\">\n\t\t\t\t\t\t<div class=\"elementor-element elementor-element-20617c8 elementor-widget elementor-widget-image\" data-id=\"20617c8\" data-element_type=\"widget\" data-e-type=\"widget\" data-widget_type=\"image.default\">\n\t\t\t\t<div class=\"elementor-widget-container\">\n\t\t\t\t\t\t\t\t\t\t\t\t\t\t\t<img fetchpriority=\"high\" decoding=\"async\" width=\"800\" height=\"187\" src=\"https:\/\/laqueusmuaythai.com\/wp-content\/uploads\/2021\/03\/parte1-1024x239.png\" class=\"attachment-large size-large wp-image-1518\" alt=\"\" srcset=\"https:\/\/laqueusmuaythai.com\/wp-content\/uploads\/2021\/03\/parte1-1024x239.png 1024w, https:\/\/laqueusmuaythai.com\/wp-content\/uploads\/2021\/03\/parte1-300x70.png 300w, https:\/\/laqueusmuaythai.com\/wp-content\/uploads\/2021\/03\/parte1-768x179.png 768w, https:\/\/laqueusmuaythai.com\/wp-content\/uploads\/2021\/03\/parte1-1536x358.png 1536w, https:\/\/laqueusmuaythai.com\/wp-content\/uploads\/2021\/03\/parte1.png 2008w\" sizes=\"(max-width: 800px) 100vw, 800px\" \/>\t\t\t\t\t\t\t\t\t\t\t\t\t\t\t<\/div>\n\t\t\t\t<\/div>\n\t\t\t\t\t<\/div>\n\t\t<\/div>\n\t\t\t\t\t<\/div>\n\t\t<\/section>\n\t\t\t\t<section class=\"elementor-section elementor-top-section elementor-element elementor-element-ee2eae7 elementor-section-boxed elementor-section-height-default elementor-section-height-default\" data-id=\"ee2eae7\" data-element_type=\"section\" data-e-type=\"section\" data-settings=\"{&quot;background_background&quot;:&quot;classic&quot;}\">\n\t\t\t\t\t\t\t<div class=\"elementor-background-overlay\"><\/div>\n\t\t\t\t\t\t\t<div class=\"elementor-container elementor-column-gap-default\">\n\t\t\t\t\t<div class=\"elementor-column elementor-col-100 elementor-top-column elementor-element elementor-element-2be0e6b\" data-id=\"2be0e6b\" data-element_type=\"column\" data-e-type=\"column\">\n\t\t\t<div class=\"elementor-widget-wrap elementor-element-populated\">\n\t\t\t\t\t\t<div class=\"elementor-element elementor-element-699b1be elementor-widget elementor-widget-heading\" data-id=\"699b1be\" data-element_type=\"widget\" data-e-type=\"widget\" data-widget_type=\"heading.default\">\n\t\t\t\t<div class=\"elementor-widget-container\">\n\t\t\t\t\t<h1 class=\"elementor-heading-title elementor-size-default\">Introducci\u00f3n<\/h1>\t\t\t\t<\/div>\n\t\t\t\t<\/div>\n\t\t\t\t<div class=\"elementor-element elementor-element-002ec03 elementor-widget elementor-widget-text-editor\" data-id=\"002ec03\" data-element_type=\"widget\" data-e-type=\"widget\" data-widget_type=\"text-editor.default\">\n\t\t\t\t<div class=\"elementor-widget-container\">\n\t\t\t\t\t\t\t\t\t<p class=\"MsoNormal\"><span lang=\"ES\">La historia del Muay Thai, es la historia del pueblo de Tailandia. Durante la guerra Birmano-Siamesa (1767) los birmanos saquearon y destruyeron la ciudad de Ayuttahaya y con ella los archivos de la historia de Tailandia y de los or\u00edgenes del Muay Thai. Lo poco que sabemos sobre su historia, proviene de fuentes de escritos birmanos, camboyanos y de exploradores europeos que visitaron el sudeste asi\u00e1tico en el siglo XIII y que escribieron sobre las cr\u00f3nicas del Reinado de Lanna en Chiang Mai. <\/span><\/p>\n<p class=\"MsoNormal\"><span lang=\"ES\">Lo que todas estas fuentes convienen, es que el Muay Thai comenz\u00f3 siendo una habilidad de combate cuerpo a cuerpo, usada en el campo de batalla, m\u00e1s letal incluso que las armas a las que reemplazaba. Sin embargo, en cuanto a de donde viene y a su evoluci\u00f3n, no se tienen bases tan claras y a veces estas fuentes se contradicen en sus relatos. <\/span><\/p>\n\n<p class=\"MsoNormal\"><span lang=\"ES\">Existen dos teor\u00edas principales. Una de ellas dice que el arte fue desarrollado conforme el pueblo tailand\u00e9s emigraba desde China en conquista hacia nuevas tierras. Otra de ellas determina que el pueblo tailand\u00e9s ya se encontraba en el territorio de Siam y que el Muay Thai se desarroll\u00f3 para defender el territorio de las constantes amenazas invasoras. Lo que est\u00e1 claro es que el Muay Thai fue una parte esencial de la cultura tailandesa justo desde su origen como pueblo.\u00a0<\/span><\/p>\t\t\t\t\t\t\t\t<\/div>\n\t\t\t\t<\/div>\n\t\t\t\t<div class=\"elementor-element elementor-element-774a6e8 elementor-widget elementor-widget-image\" data-id=\"774a6e8\" data-element_type=\"widget\" data-e-type=\"widget\" data-widget_type=\"image.default\">\n\t\t\t\t<div class=\"elementor-widget-container\">\n\t\t\t\t\t\t\t\t\t\t\t\t<figure class=\"wp-caption\">\n\t\t\t\t\t\t\t\t\t\t\t<a href=\"https:\/\/laqueusmuaythai.com\/wp-content\/uploads\/2021\/03\/krabi_krabong_sculpture.jpg\" data-elementor-open-lightbox=\"yes\" data-elementor-lightbox-title=\"krabi_krabong_sculpture\" data-e-action-hash=\"#elementor-action%3Aaction%3Dlightbox%26settings%3DeyJpZCI6MTUyOCwidXJsIjoiaHR0cHM6XC9cL2xhcXVldXNtdWF5dGhhaS5jb21cL3dwLWNvbnRlbnRcL3VwbG9hZHNcLzIwMjFcLzAzXC9rcmFiaV9rcmFib25nX3NjdWxwdHVyZS5qcGcifQ%3D%3D\">\n\t\t\t\t\t\t\t<img decoding=\"async\" width=\"800\" height=\"530\" src=\"https:\/\/laqueusmuaythai.com\/wp-content\/uploads\/2021\/03\/krabi_krabong_sculpture-1024x678.jpg\" class=\"attachment-large size-large wp-image-1528\" alt=\"\" srcset=\"https:\/\/laqueusmuaythai.com\/wp-content\/uploads\/2021\/03\/krabi_krabong_sculpture-1024x678.jpg 1024w, https:\/\/laqueusmuaythai.com\/wp-content\/uploads\/2021\/03\/krabi_krabong_sculpture-300x199.jpg 300w, https:\/\/laqueusmuaythai.com\/wp-content\/uploads\/2021\/03\/krabi_krabong_sculpture-768x509.jpg 768w, https:\/\/laqueusmuaythai.com\/wp-content\/uploads\/2021\/03\/krabi_krabong_sculpture-1536x1017.jpg 1536w, https:\/\/laqueusmuaythai.com\/wp-content\/uploads\/2021\/03\/krabi_krabong_sculpture.jpg 1631w\" sizes=\"(max-width: 800px) 100vw, 800px\" \/>\t\t\t\t\t\t\t\t<\/a>\n\t\t\t\t\t\t\t\t\t\t\t<figcaption class=\"widget-image-caption wp-caption-text\">Artes de guerra asi\u00e1ticas en Angkor Wat<\/figcaption>\n\t\t\t\t\t\t\t\t\t\t<\/figure>\n\t\t\t\t\t\t\t\t\t<\/div>\n\t\t\t\t<\/div>\n\t\t\t\t<div class=\"elementor-element elementor-element-6e32e41 elementor-widget elementor-widget-heading\" data-id=\"6e32e41\" data-element_type=\"widget\" data-e-type=\"widget\" data-widget_type=\"heading.default\">\n\t\t\t\t<div class=\"elementor-widget-container\">\n\t\t\t\t\t<h1 class=\"elementor-heading-title elementor-size-default\">Hombres Libres<\/h1>\t\t\t\t<\/div>\n\t\t\t\t<\/div>\n\t\t\t\t<div class=\"elementor-element elementor-element-8fd7e07 elementor-widget elementor-widget-text-editor\" data-id=\"8fd7e07\" data-element_type=\"widget\" data-e-type=\"widget\" data-widget_type=\"text-editor.default\">\n\t\t\t\t<div class=\"elementor-widget-container\">\n\t\t\t\t\t\t\t\t\t<p class=\"MsoNormal\"><span lang=\"ES\">El origen del pueblo tailand\u00e9s se remonta a 2500 a\u00f1os atr\u00e1s, cuando desde el norte de la India la tribu de los Ao-Loi, emigr\u00f3 a trav\u00e9s del Tibet oriental hacia los ricos valles de la provincia de Yunnan en la China meridional. Pero la vida en aquellos aparentemente tranquilos valles, no era pac\u00edfica y otras tribus estaban dispuestas a luchar para establecerse en estas f\u00e9rtiles tierras. Los Ao-Loi, se ve\u00edan forzados a combatir continuamente para defender su derecho a existir como grupo \u00e9tnico.<\/span><\/p>\n<p class=\"MsoNormal\"><span lang=\"ES\">Simult\u00e1neamente, continuaban desplaz\u00e1ndose en busca de una tierra que poder definir como patria. Estos desplazamientos se vieron acrecentados cuando la dinast\u00eda China de los Han, obligaron a los Ao-Loi a emigrar a\u00fan m\u00e1s hacia el sur dividiendo su tribu en tres grupos, que se asentaron en distintas localizaciones. Los Shan, se establecieron en la parte septentrional de Birmania (hoy en d\u00eda Myanmar), los Ahom se dirigieron al Este hasta alcanzar Vietnam, mientras que el resto de los Ao-Loi, se asentaron en la cuenca del r\u00edo Mekong. Desde all\u00ed se mover\u00edan hacia el sur hasta completar el territorio de lo que llegar\u00eda a ser el Reino de Siam.<\/span><\/p><p class=\"MsoNormal\"><span lang=\"ES\">Esta secci\u00f3n de los Ao-Loi no llegaron a tierras sin due\u00f1o, sino que se establecieron en la parte norte del imperio de los Khmer. El mayor imperio de la \u00e9poca en el sudeste asi\u00e1tico y que comprend\u00eda parte de Vietnam, Laos, Camboya, parte de Tailandia de Malasia y de Sumatra. Su dominio y hegemon\u00eda estaban asegurados por guerreros de \u00e9lite reunidos en una casta llamada Nayar y que eran adiestrados en todos los aspectos del combate armado y desarmado. Por lo que, desde el primer momento, los Ao-Loi se encontraron con los m\u00e1s potentes y duros adversarios.\u00a0<\/span><\/p>\t\t\t\t\t\t\t\t<\/div>\n\t\t\t\t<\/div>\n\t\t\t\t<div class=\"elementor-element elementor-element-287df91 elementor-widget elementor-widget-image\" data-id=\"287df91\" data-element_type=\"widget\" data-e-type=\"widget\" data-widget_type=\"image.default\">\n\t\t\t\t<div class=\"elementor-widget-container\">\n\t\t\t\t\t\t\t\t\t\t\t\t<figure class=\"wp-caption\">\n\t\t\t\t\t\t\t\t\t\t\t<a href=\"https:\/\/laqueusmuaythai.com\/wp-content\/uploads\/2021\/03\/Yunnan_Siam.jpg\" data-elementor-open-lightbox=\"yes\" data-elementor-lightbox-title=\"Yunnan_Siam\" data-e-action-hash=\"#elementor-action%3Aaction%3Dlightbox%26settings%3DeyJpZCI6MTUzNSwidXJsIjoiaHR0cHM6XC9cL2xhcXVldXNtdWF5dGhhaS5jb21cL3dwLWNvbnRlbnRcL3VwbG9hZHNcLzIwMjFcLzAzXC9ZdW5uYW5fU2lhbS5qcGcifQ%3D%3D\">\n\t\t\t\t\t\t\t<img decoding=\"async\" width=\"768\" height=\"420\" src=\"https:\/\/laqueusmuaythai.com\/wp-content\/uploads\/2021\/03\/Yunnan_Siam-768x420.jpg\" class=\"attachment-medium_large size-medium_large wp-image-1535\" alt=\"\" srcset=\"https:\/\/laqueusmuaythai.com\/wp-content\/uploads\/2021\/03\/Yunnan_Siam-768x420.jpg 768w, https:\/\/laqueusmuaythai.com\/wp-content\/uploads\/2021\/03\/Yunnan_Siam-300x164.jpg 300w, https:\/\/laqueusmuaythai.com\/wp-content\/uploads\/2021\/03\/Yunnan_Siam-1024x560.jpg 1024w, https:\/\/laqueusmuaythai.com\/wp-content\/uploads\/2021\/03\/Yunnan_Siam.jpg 1391w\" sizes=\"(max-width: 768px) 100vw, 768px\" \/>\t\t\t\t\t\t\t\t<\/a>\n\t\t\t\t\t\t\t\t\t\t\t<figcaption class=\"widget-image-caption wp-caption-text\">Yunnan y Siam<\/figcaption>\n\t\t\t\t\t\t\t\t\t\t<\/figure>\n\t\t\t\t\t\t\t\t\t<\/div>\n\t\t\t\t<\/div>\n\t\t\t\t<div class=\"elementor-element elementor-element-978a5cf elementor-widget elementor-widget-text-editor\" data-id=\"978a5cf\" data-element_type=\"widget\" data-e-type=\"widget\" data-widget_type=\"text-editor.default\">\n\t\t\t\t<div class=\"elementor-widget-container\">\n\t\t\t\t\t\t\t\t\t<p class=\"MsoNoSpacing\"><span lang=\"ES\">A pesar de una notable inferioridad num\u00e9rica, en 1238, los guerreros Ao-Loi, consiguieron conquistar una gran capital de la provincia de los Khmer, cercana a la actual Sukhothai, estableciendo el primer reinado oficial de Siam bajo el gobierno de rey Ramkhamhaeng. El nombre dado al territorio fue tierra de los Thai (Muang Thai) o \u201cTierra de los Hombres Libres\u201d, nombre que hoy en d\u00eda se sigue usando por el pueblo tailand\u00e9s para definir su naci\u00f3n. <\/span><\/p>\n<p class=\"MsoNoSpacing\"><span lang=\"ES\">Los siameses tuvieron que lidiar con otras amenazas invasivas que no solo ven\u00edan de la mano de los Khmer. Durante casi mil a\u00f1os, tuvieron que defender su territorio de ataques provenientes del T\u00edbet, Birmania o China. El constante estado de guerra en el que se encontraban, cre\u00f3 un fort\u00edsimo lazo entre la gente de Siam y una gran unidad popular. <\/span><\/p><p class=\"MsoNoSpacing\"><span lang=\"ES\">Esta cultura de guerra, favoreci\u00f3 en gran medida el perfeccionamiento de sus artes de combate, ayudado tambi\u00e9n por su localizaci\u00f3n. El reino de Siam, era paso de rutas comerciales asi\u00e1ticas como la ruta de la seda, y por ella pasaban numerosos pueblos, que fueron aportando conocimientos para crear el antiguo arte marcial. Se dice que sus mayores influencias provienen de fuentes como el Kung Fu o el Wing Chun.<\/span><\/p>\t\t\t\t\t\t\t\t<\/div>\n\t\t\t\t<\/div>\n\t\t\t\t<div class=\"elementor-element elementor-element-e8c997a elementor-widget elementor-widget-image\" data-id=\"e8c997a\" data-element_type=\"widget\" data-e-type=\"widget\" data-widget_type=\"image.default\">\n\t\t\t\t<div class=\"elementor-widget-container\">\n\t\t\t\t\t\t\t\t\t\t\t\t<figure class=\"wp-caption\">\n\t\t\t\t\t\t\t\t\t\t\t<a href=\"https:\/\/laqueusmuaythai.com\/wp-content\/uploads\/2021\/03\/muay_boran_ancient.jpg\" data-elementor-open-lightbox=\"yes\" data-elementor-lightbox-title=\"muay_boran_ancient\" data-e-action-hash=\"#elementor-action%3Aaction%3Dlightbox%26settings%3DeyJpZCI6MTUzOSwidXJsIjoiaHR0cHM6XC9cL2xhcXVldXNtdWF5dGhhaS5jb21cL3dwLWNvbnRlbnRcL3VwbG9hZHNcLzIwMjFcLzAzXC9tdWF5X2JvcmFuX2FuY2llbnQuanBnIn0%3D\">\n\t\t\t\t\t\t\t<img loading=\"lazy\" decoding=\"async\" width=\"800\" height=\"530\" src=\"https:\/\/laqueusmuaythai.com\/wp-content\/uploads\/2021\/03\/muay_boran_ancient.jpg\" class=\"attachment-large size-large wp-image-1539\" alt=\"\" srcset=\"https:\/\/laqueusmuaythai.com\/wp-content\/uploads\/2021\/03\/muay_boran_ancient.jpg 1000w, https:\/\/laqueusmuaythai.com\/wp-content\/uploads\/2021\/03\/muay_boran_ancient-300x199.jpg 300w, https:\/\/laqueusmuaythai.com\/wp-content\/uploads\/2021\/03\/muay_boran_ancient-768x508.jpg 768w\" sizes=\"(max-width: 800px) 100vw, 800px\" \/>\t\t\t\t\t\t\t\t<\/a>\n\t\t\t\t\t\t\t\t\t\t\t<figcaption class=\"widget-image-caption wp-caption-text\">Muay Boran<\/figcaption>\n\t\t\t\t\t\t\t\t\t\t<\/figure>\n\t\t\t\t\t\t\t\t\t<\/div>\n\t\t\t\t<\/div>\n\t\t\t\t<div class=\"elementor-element elementor-element-7d85ce3 elementor-widget elementor-widget-text-editor\" data-id=\"7d85ce3\" data-element_type=\"widget\" data-e-type=\"widget\" data-widget_type=\"text-editor.default\">\n\t\t\t\t<div class=\"elementor-widget-container\">\n\t\t\t\t\t\t\t\t\t<p class=\"MsoNoSpacing\"><span lang=\"ES\">En 1350 los estados del Norte de Siam y Laos, se unieron bajo el reinado del pr\u00edncipe Uthong Ayudhaya, cuya dinast\u00eda, durar\u00eda nada menos que 400 a\u00f1os. Para mantener su reci\u00e9n creado estado, el pr\u00edncipe llam\u00f3 a los m\u00e1s grandes maestros de la \u00e9poca para comenzar a codificar y registrar las t\u00e9cnicas de lucha con y sin armas. Conocimientos que durante siglos se utilizaron eficazmente en el campo de batalla y que hab\u00edan sido transmitidos \u00fanicamente de forma oral.<\/span><\/p><p class=\"MsoNoSpacing\"><span lang=\"ES\">Estos m\u00e9todos de combate fueron registrados en un manual de estudio y entrenamiento conocido como Chuppasart, que se convierte en el texto oficial para todos los guerreros siameses. Constantemente actualizado, se inclu\u00edan mejoras e innovaciones que solo despu\u00e9s de ser probadas en el campo de batalla, llegaban a formar parte de \u00e9l. <\/span><\/p><p>El Chuppasart, represent\u00f3 una revoluci\u00f3n en el camino del conocimiento marcial. \u00c9sto, cambi\u00f3 la relaci\u00f3n que hab\u00eda hasta entonces entre maestro y disc\u00edpulo, y que a veces se ocultaba tras una cortina de secretismo y misticismo. Con la llegada de este escrito, se cambi\u00f3 pues, a un m\u00e9todo de ense\u00f1anza colectiva. Las nuevas t\u00e9cnicas se volver\u00edan p\u00fablicas y dejar\u00edan de ser exclusivas del ej\u00e9rcito o la realeza. La apertura y disponibilidad que adquiri\u00f3 la transmisi\u00f3n de estos conocimientos, hicieron que las artes marciales tailandesas continuasen desarroll\u00e1ndose hasta nuestros d\u00edas, quedando siempre como m\u00e9todos de combate flexibles y actualizados.<\/p><p>Contin\u00faa leyendo sobre la historia del Muay Thai pinchando <a href=\"https:\/\/laqueusmuaythai.com\/index.php\/historia-muay-thai_parte-2\/\">aqu\u00ed.<\/a><\/p>\t\t\t\t\t\t\t\t<\/div>\n\t\t\t\t<\/div>\n\t\t\t\t<div class=\"elementor-element elementor-element-e8c33a9 elementor-widget elementor-widget-image\" data-id=\"e8c33a9\" data-element_type=\"widget\" data-e-type=\"widget\" data-widget_type=\"image.default\">\n\t\t\t\t<div class=\"elementor-widget-container\">\n\t\t\t\t\t\t\t\t\t\t\t\t<figure class=\"wp-caption\">\n\t\t\t\t\t\t\t\t\t\t\t<a href=\"https:\/\/laqueusmuaythai.com\/wp-content\/uploads\/2021\/03\/muay_boran_sculpture.jpg\" data-elementor-open-lightbox=\"yes\" data-elementor-lightbox-title=\"muay_boran_sculpture\" data-e-action-hash=\"#elementor-action%3Aaction%3Dlightbox%26settings%3DeyJpZCI6MTU0NCwidXJsIjoiaHR0cHM6XC9cL2xhcXVldXNtdWF5dGhhaS5jb21cL3dwLWNvbnRlbnRcL3VwbG9hZHNcLzIwMjFcLzAzXC9tdWF5X2JvcmFuX3NjdWxwdHVyZS5qcGcifQ%3D%3D\">\n\t\t\t\t\t\t\t<img loading=\"lazy\" decoding=\"async\" width=\"445\" height=\"242\" src=\"https:\/\/laqueusmuaythai.com\/wp-content\/uploads\/2021\/03\/muay_boran_sculpture.jpg\" class=\"attachment-medium_large size-medium_large wp-image-1544\" alt=\"\" srcset=\"https:\/\/laqueusmuaythai.com\/wp-content\/uploads\/2021\/03\/muay_boran_sculpture.jpg 445w, https:\/\/laqueusmuaythai.com\/wp-content\/uploads\/2021\/03\/muay_boran_sculpture-300x163.jpg 300w\" sizes=\"(max-width: 445px) 100vw, 445px\" \/>\t\t\t\t\t\t\t\t<\/a>\n\t\t\t\t\t\t\t\t\t\t\t<figcaption class=\"widget-image-caption wp-caption-text\">Relieve de Muay Boran<\/figcaption>\n\t\t\t\t\t\t\t\t\t\t<\/figure>\n\t\t\t\t\t\t\t\t\t<\/div>\n\t\t\t\t<\/div>\n\t\t\t\t\t<\/div>\n\t\t<\/div>\n\t\t\t\t\t<\/div>\n\t\t<\/section>\n\t\t\t\t<section class=\"elementor-section elementor-top-section elementor-element elementor-element-57793c6 elementor-section-boxed elementor-section-height-default elementor-section-height-default\" data-id=\"57793c6\" data-element_type=\"section\" data-e-type=\"section\">\n\t\t\t\t\t\t<div class=\"elementor-container elementor-column-gap-default\">\n\t\t\t\t\t<div class=\"elementor-column elementor-col-100 elementor-top-column elementor-element elementor-element-97af966\" data-id=\"97af966\" data-element_type=\"column\" data-e-type=\"column\">\n\t\t\t<div class=\"elementor-widget-wrap elementor-element-populated\">\n\t\t\t\t\t\t<div class=\"elementor-element elementor-element-e3bc4e4 elementor-widget elementor-widget-image\" data-id=\"e3bc4e4\" data-element_type=\"widget\" data-e-type=\"widget\" data-widget_type=\"image.default\">\n\t\t\t\t<div class=\"elementor-widget-container\">\n\t\t\t\t\t\t\t\t\t\t\t\t\t\t\t<img loading=\"lazy\" decoding=\"async\" width=\"800\" height=\"230\" src=\"https:\/\/laqueusmuaythai.com\/wp-content\/uploads\/2020\/10\/thai-decoration-1024x295.png\" class=\"attachment-large size-large wp-image-1090\" alt=\"\" srcset=\"https:\/\/laqueusmuaythai.com\/wp-content\/uploads\/2020\/10\/thai-decoration-1024x295.png 1024w, https:\/\/laqueusmuaythai.com\/wp-content\/uploads\/2020\/10\/thai-decoration-300x86.png 300w, https:\/\/laqueusmuaythai.com\/wp-content\/uploads\/2020\/10\/thai-decoration-768x221.png 768w, https:\/\/laqueusmuaythai.com\/wp-content\/uploads\/2020\/10\/thai-decoration-1536x442.png 1536w, https:\/\/laqueusmuaythai.com\/wp-content\/uploads\/2020\/10\/thai-decoration-2048x589.png 2048w\" sizes=\"(max-width: 800px) 100vw, 800px\" \/>\t\t\t\t\t\t\t\t\t\t\t\t\t\t\t<\/div>\n\t\t\t\t<\/div>\n\t\t\t\t\t<\/div>\n\t\t<\/div>\n\t\t\t\t\t<\/div>\n\t\t<\/section>\n\t\t\t\t<\/div>\n\t\t","protected":false},"excerpt":{"rendered":"<p>Introducci\u00f3n La historia del Muay Thai, es la historia del pueblo de Tailandia. Durante la guerra Birmano-Siamesa (1767) los birmanos saquearon y destruyeron la ciudad de Ayuttahaya y con ella los archivos de la historia de Tailandia y de los or\u00edgenes del Muay Thai. Lo poco que sabemos sobre su historia, proviene de fuentes de [&hellip;]<\/p>\n","protected":false},"author":1,"featured_media":0,"parent":0,"menu_order":0,"comment_status":"closed","ping_status":"closed","template":"","meta":{"footnotes":""},"class_list":["post-1508","page","type-page","status-publish","hentry"],"_links":{"self":[{"href":"https:\/\/laqueusmuaythai.com\/index.php\/wp-json\/wp\/v2\/pages\/1508","targetHints":{"allow":["GET"]}}],"collection":[{"href":"https:\/\/laqueusmuaythai.com\/index.php\/wp-json\/wp\/v2\/pages"}],"about":[{"href":"https:\/\/laqueusmuaythai.com\/index.php\/wp-json\/wp\/v2\/types\/page"}],"author":[{"embeddable":true,"href":"https:\/\/laqueusmuaythai.com\/index.php\/wp-json\/wp\/v2\/users\/1"}],"replies":[{"embeddable":true,"href":"https:\/\/laqueusmuaythai.com\/index.php\/wp-json\/wp\/v2\/comments?post=1508"}],"version-history":[{"count":21,"href":"https:\/\/laqueusmuaythai.com\/index.php\/wp-json\/wp\/v2\/pages\/1508\/revisions"}],"predecessor-version":[{"id":1711,"href":"https:\/\/laqueusmuaythai.com\/index.php\/wp-json\/wp\/v2\/pages\/1508\/revisions\/1711"}],"wp:attachment":[{"href":"https:\/\/laqueusmuaythai.com\/index.php\/wp-json\/wp\/v2\/media?parent=1508"}],"curies":[{"name":"wp","href":"https:\/\/api.w.org\/{rel}","templated":true}]}}