{"id":1547,"date":"2021-03-03T10:19:28","date_gmt":"2021-03-03T10:19:28","guid":{"rendered":"http:\/\/laqueusmuaythai.com\/?page_id=1547"},"modified":"2021-03-24T07:25:06","modified_gmt":"2021-03-24T07:25:06","slug":"historia-muay-thai_parte-2","status":"publish","type":"page","link":"https:\/\/laqueusmuaythai.com\/index.php\/historia-muay-thai_parte-2\/","title":{"rendered":"Historia Muay Thai_Parte 2"},"content":{"rendered":"\t\t<div data-elementor-type=\"wp-page\" data-elementor-id=\"1547\" class=\"elementor elementor-1547\" data-elementor-post-type=\"page\">\n\t\t\t\t\t\t<section class=\"elementor-section elementor-top-section elementor-element elementor-element-32545b9 elementor-section-height-min-height elementor-section-boxed elementor-section-height-default elementor-section-items-middle\" data-id=\"32545b9\" data-element_type=\"section\" data-e-type=\"section\" data-settings=\"{&quot;background_background&quot;:&quot;classic&quot;}\">\n\t\t\t\t\t\t\t<div class=\"elementor-background-overlay\"><\/div>\n\t\t\t\t\t\t\t<div class=\"elementor-container elementor-column-gap-default\">\n\t\t\t\t\t<div class=\"elementor-column elementor-col-100 elementor-top-column elementor-element elementor-element-1ccd179 animated-slow elementor-invisible\" data-id=\"1ccd179\" data-element_type=\"column\" data-e-type=\"column\" data-settings=\"{&quot;animation&quot;:&quot;fadeIn&quot;}\">\n\t\t\t<div class=\"elementor-widget-wrap elementor-element-populated\">\n\t\t\t\t\t\t<div class=\"elementor-element elementor-element-20617c8 elementor-widget elementor-widget-image\" data-id=\"20617c8\" data-element_type=\"widget\" data-e-type=\"widget\" data-widget_type=\"image.default\">\n\t\t\t\t<div class=\"elementor-widget-container\">\n\t\t\t\t\t\t\t\t\t\t\t\t\t\t\t<img fetchpriority=\"high\" decoding=\"async\" width=\"800\" height=\"187\" src=\"https:\/\/laqueusmuaythai.com\/wp-content\/uploads\/2021\/03\/parte2-1024x239.png\" class=\"attachment-large size-large wp-image-1519\" alt=\"\" srcset=\"https:\/\/laqueusmuaythai.com\/wp-content\/uploads\/2021\/03\/parte2-1024x239.png 1024w, https:\/\/laqueusmuaythai.com\/wp-content\/uploads\/2021\/03\/parte2-300x70.png 300w, https:\/\/laqueusmuaythai.com\/wp-content\/uploads\/2021\/03\/parte2-768x179.png 768w, https:\/\/laqueusmuaythai.com\/wp-content\/uploads\/2021\/03\/parte2-1536x358.png 1536w, https:\/\/laqueusmuaythai.com\/wp-content\/uploads\/2021\/03\/parte2.png 2008w\" sizes=\"(max-width: 800px) 100vw, 800px\" \/>\t\t\t\t\t\t\t\t\t\t\t\t\t\t\t<\/div>\n\t\t\t\t<\/div>\n\t\t\t\t\t<\/div>\n\t\t<\/div>\n\t\t\t\t\t<\/div>\n\t\t<\/section>\n\t\t\t\t<section class=\"elementor-section elementor-top-section elementor-element elementor-element-ee2eae7 elementor-section-boxed elementor-section-height-default elementor-section-height-default\" data-id=\"ee2eae7\" data-element_type=\"section\" data-e-type=\"section\" data-settings=\"{&quot;background_background&quot;:&quot;classic&quot;}\">\n\t\t\t\t\t\t\t<div class=\"elementor-background-overlay\"><\/div>\n\t\t\t\t\t\t\t<div class=\"elementor-container elementor-column-gap-default\">\n\t\t\t\t\t<div class=\"elementor-column elementor-col-100 elementor-top-column elementor-element elementor-element-2be0e6b\" data-id=\"2be0e6b\" data-element_type=\"column\" data-e-type=\"column\">\n\t\t\t<div class=\"elementor-widget-wrap elementor-element-populated\">\n\t\t\t\t\t\t<div class=\"elementor-element elementor-element-699b1be elementor-widget elementor-widget-heading\" data-id=\"699b1be\" data-element_type=\"widget\" data-e-type=\"widget\" data-widget_type=\"heading.default\">\n\t\t\t\t<div class=\"elementor-widget-container\">\n\t\t\t\t\t<h1 class=\"elementor-heading-title elementor-size-default\">Muay Boran<\/h1>\t\t\t\t<\/div>\n\t\t\t\t<\/div>\n\t\t\t\t<div class=\"elementor-element elementor-element-002ec03 elementor-widget elementor-widget-text-editor\" data-id=\"002ec03\" data-element_type=\"widget\" data-e-type=\"widget\" data-widget_type=\"text-editor.default\">\n\t\t\t\t<div class=\"elementor-widget-container\">\n\t\t\t\t\t\t\t\t\t<p class=\"MsoNoSpacing\"><span lang=\"ES\">Las t\u00e9cnicas utilizadas en la \u00e9poca antigua de Siam y registradas en el Chuppasart, difieren en gran medida de las estudiadas hoy en d\u00eda en las escuelas de Muay Thai. Este compendio de t\u00e9cnicas antiguas, se estudia en otra disciplina paralela al deporte y m\u00e1s en contacto con las antiguas artes marciales llamada Muay Boran. La madre del Muay Thai. <\/span><\/p>\n<p class=\"MsoNoSpacing\"><span lang=\"ES\">Literalmente traducido como Boxeo Ancestral, recoge t\u00e9cnicas desde los or\u00edgenes de la tribu de los Ao-Loi y comprende varias artes marciales tailandesas. Sillapha Muay Thai, Pahyuth, Mae Mai Muay Thai o Muay Kard Chiek son algunas de estas artes ancestrales que hoy se re\u00fanen bajo un mismo nombre. <\/span><\/p>\n<p>La mayor\u00eda de sus t\u00e9cnicas se perdieron y en su esencia es muy similar a otros sistemas de boxeo indochino como el Bokator. Contiene diferentes estilos tem\u00e1ticos y regionales como el Muay Chaiya (estilo del Sur de Siam), Muay Korat (Este y Noreste), Muay Lopburi (regi\u00f3n central), Muay Uttaraditt o Muay Ta Sao (Norte).\u00a0<\/span><\/p>\t\t\t\t\t\t\t\t<\/div>\n\t\t\t\t<\/div>\n\t\t\t\t<div class=\"elementor-element elementor-element-774a6e8 elementor-widget elementor-widget-image\" data-id=\"774a6e8\" data-element_type=\"widget\" data-e-type=\"widget\" data-widget_type=\"image.default\">\n\t\t\t\t<div class=\"elementor-widget-container\">\n\t\t\t\t\t\t\t\t\t\t\t\t<figure class=\"wp-caption\">\n\t\t\t\t\t\t\t\t\t\t\t<a href=\"https:\/\/laqueusmuaythai.com\/wp-content\/uploads\/2021\/03\/muay_boran_fighter.jpg\" data-elementor-open-lightbox=\"yes\" data-elementor-lightbox-title=\"muay_boran_fighter\" data-e-action-hash=\"#elementor-action%3Aaction%3Dlightbox%26settings%3DeyJpZCI6MTU2MiwidXJsIjoiaHR0cHM6XC9cL2xhcXVldXNtdWF5dGhhaS5jb21cL3dwLWNvbnRlbnRcL3VwbG9hZHNcLzIwMjFcLzAzXC9tdWF5X2JvcmFuX2ZpZ2h0ZXIuanBnIn0%3D\">\n\t\t\t\t\t\t\t<img decoding=\"async\" width=\"800\" height=\"521\" src=\"https:\/\/laqueusmuaythai.com\/wp-content\/uploads\/2021\/03\/muay_boran_fighter-1024x667.jpg\" class=\"attachment-large size-large wp-image-1562\" alt=\"\" srcset=\"https:\/\/laqueusmuaythai.com\/wp-content\/uploads\/2021\/03\/muay_boran_fighter-1024x667.jpg 1024w, https:\/\/laqueusmuaythai.com\/wp-content\/uploads\/2021\/03\/muay_boran_fighter-300x195.jpg 300w, https:\/\/laqueusmuaythai.com\/wp-content\/uploads\/2021\/03\/muay_boran_fighter-768x500.jpg 768w, https:\/\/laqueusmuaythai.com\/wp-content\/uploads\/2021\/03\/muay_boran_fighter-1536x1000.jpg 1536w, https:\/\/laqueusmuaythai.com\/wp-content\/uploads\/2021\/03\/muay_boran_fighter.jpg 1625w\" sizes=\"(max-width: 800px) 100vw, 800px\" \/>\t\t\t\t\t\t\t\t<\/a>\n\t\t\t\t\t\t\t\t\t\t\t<figcaption class=\"widget-image-caption wp-caption-text\">Luchadores de Muay Boran a\u00f1os 20<\/figcaption>\n\t\t\t\t\t\t\t\t\t\t<\/figure>\n\t\t\t\t\t\t\t\t\t<\/div>\n\t\t\t\t<\/div>\n\t\t\t\t<div class=\"elementor-element elementor-element-8fd7e07 elementor-widget elementor-widget-text-editor\" data-id=\"8fd7e07\" data-element_type=\"widget\" data-e-type=\"widget\" data-widget_type=\"text-editor.default\">\n\t\t\t\t<div class=\"elementor-widget-container\">\n\t\t\t\t\t\t\t\t\t<p class=\"MsoNoSpacing\"><span lang=\"ES\">Cada estilo tiene caracter\u00edsticas propias e identidad diferenciada. El Muay Korat destaca por la fuerza de sus t\u00e9cnicas. El Muay Lopburi por sus movimientos inteligentes. El Muay Chaiya por sus posturas defensivas. En Tailandia hay una frase que reza algo parecido a \u201cPerforador de Korat, Ingenio de Lopburi, Postura de Chaiya y Rapidez de Ta Sao\u201d.<\/span><\/p>\n<p class=\"MsoNoSpacing\"><span lang=\"ES\">Hay otros estilos que no tienen que ver con una regi\u00f3n o localizaci\u00f3n como es el estilo del Mono o Muay Wanorn. Y es que, desde el origen del Muay Boran, Hannuman, el rey Mono de la religi\u00f3n hind\u00fa, y el Ramakian, antiguo poema \u00e9pico inspirado en el libro sagrado Ramayana, han sido determinantes en el estudio de las formas de este arte ancestral.<\/span><\/p>\n<p >El estudio del Muay Boran es muy extenso y muy variado. Seguiremos hablando sobre \u00e9l en un futuro, y redactaremos un art\u00edculo dedicado exclusivamente a este hermoso arte.<\/span><\/p>\t\t\t\t\t\t\t\t<\/div>\n\t\t\t\t<\/div>\n\t\t\t\t<div class=\"elementor-element elementor-element-287df91 elementor-widget elementor-widget-image\" data-id=\"287df91\" data-element_type=\"widget\" data-e-type=\"widget\" data-widget_type=\"image.default\">\n\t\t\t\t<div class=\"elementor-widget-container\">\n\t\t\t\t\t\t\t\t\t\t\t\t<figure class=\"wp-caption\">\n\t\t\t\t\t\t\t\t\t\t\t<a href=\"https:\/\/laqueusmuaythai.com\/wp-content\/uploads\/2021\/03\/muay_boran_warriors.jpg\" data-elementor-open-lightbox=\"yes\" data-elementor-lightbox-title=\"muay_boran_warriors\" data-e-action-hash=\"#elementor-action%3Aaction%3Dlightbox%26settings%3DeyJpZCI6MTU1NywidXJsIjoiaHR0cHM6XC9cL2xhcXVldXNtdWF5dGhhaS5jb21cL3dwLWNvbnRlbnRcL3VwbG9hZHNcLzIwMjFcLzAzXC9tdWF5X2JvcmFuX3dhcnJpb3JzLmpwZyJ9\">\n\t\t\t\t\t\t\t<img decoding=\"async\" width=\"768\" height=\"514\" src=\"https:\/\/laqueusmuaythai.com\/wp-content\/uploads\/2021\/03\/muay_boran_warriors-768x514.jpg\" class=\"attachment-medium_large size-medium_large wp-image-1557\" alt=\"\" srcset=\"https:\/\/laqueusmuaythai.com\/wp-content\/uploads\/2021\/03\/muay_boran_warriors-768x514.jpg 768w, https:\/\/laqueusmuaythai.com\/wp-content\/uploads\/2021\/03\/muay_boran_warriors-300x201.jpg 300w, https:\/\/laqueusmuaythai.com\/wp-content\/uploads\/2021\/03\/muay_boran_warriors-1024x685.jpg 1024w, https:\/\/laqueusmuaythai.com\/wp-content\/uploads\/2021\/03\/muay_boran_warriors-1536x1028.jpg 1536w, https:\/\/laqueusmuaythai.com\/wp-content\/uploads\/2021\/03\/muay_boran_warriors.jpg 2048w\" sizes=\"(max-width: 768px) 100vw, 768px\" \/>\t\t\t\t\t\t\t\t<\/a>\n\t\t\t\t\t\t\t\t\t\t\t<figcaption class=\"widget-image-caption wp-caption-text\">Antiguas artes marciales tailandesas<\/figcaption>\n\t\t\t\t\t\t\t\t\t\t<\/figure>\n\t\t\t\t\t\t\t\t\t<\/div>\n\t\t\t\t<\/div>\n\t\t\t\t<div class=\"elementor-element elementor-element-72d785a elementor-widget elementor-widget-heading\" data-id=\"72d785a\" data-element_type=\"widget\" data-e-type=\"widget\" data-widget_type=\"heading.default\">\n\t\t\t\t<div class=\"elementor-widget-container\">\n\t\t\t\t\t<h1 class=\"elementor-heading-title elementor-size-default\">Arte de Reyes<\/h1>\t\t\t\t<\/div>\n\t\t\t\t<\/div>\n\t\t\t\t<div class=\"elementor-element elementor-element-978a5cf elementor-widget elementor-widget-text-editor\" data-id=\"978a5cf\" data-element_type=\"widget\" data-e-type=\"widget\" data-widget_type=\"text-editor.default\">\n\t\t\t\t<div class=\"elementor-widget-container\">\n\t\t\t\t\t\t\t\t\t<p class=\"MsoNoSpacing\"><span lang=\"ES\">Los soberanos han sido en numerosas ocasiones, piezas clave en el desarrollo del Muay Thai. La pr\u00e1ctica y estudio de sus t\u00e9cnicas, eran de obligado cumplimiento para los miembros de la familia real. Durante siglos, dominar el arte fue condici\u00f3n indispensable para poder subir al trono. Esta estrecha relaci\u00f3n entre el Muay Thai y la realeza, hace que incluso hoy en d\u00eda se le siga conociendo tambi\u00e9n como el \u201cArte del Rey\u201d.<\/span><\/p>\n<p \">Una de las grandes figuras que tuvo notable repercusi\u00f3n en la evoluci\u00f3n del arte, fue la del Pr\u00edncipe Naresuan, conocido como el Pr\u00edncipe Negro. Hoy en d\u00eda, tenemos muy clara la separaci\u00f3n de la lucha con armas o Krabi Krabong a la lucha sin armas o Muay Thai. Pero esta divisi\u00f3n solo tuvo lugar tras la llegada de Naresuan al trono (1590). Hasta entonces, la lucha con armas como espadas, lanzas, jabalinas, pu\u00f1ales o palos y el combate cuerpo a cuerpo sin armas, estaban dentro del mismo compendio de t\u00e9cnicas.\u00a0<\/span><\/p>\t\t\t\t\t\t\t\t<\/div>\n\t\t\t\t<\/div>\n\t\t\t\t<div class=\"elementor-element elementor-element-e8c997a elementor-widget elementor-widget-image\" data-id=\"e8c997a\" data-element_type=\"widget\" data-e-type=\"widget\" data-widget_type=\"image.default\">\n\t\t\t\t<div class=\"elementor-widget-container\">\n\t\t\t\t\t\t\t\t\t\t\t\t<figure class=\"wp-caption\">\n\t\t\t\t\t\t\t\t\t\t\t<a href=\"https:\/\/laqueusmuaythai.com\/wp-content\/uploads\/2021\/03\/naresuan.jpg\" data-elementor-open-lightbox=\"yes\" data-elementor-lightbox-title=\"naresuan\" data-e-action-hash=\"#elementor-action%3Aaction%3Dlightbox%26settings%3DeyJpZCI6MTU2MywidXJsIjoiaHR0cHM6XC9cL2xhcXVldXNtdWF5dGhhaS5jb21cL3dwLWNvbnRlbnRcL3VwbG9hZHNcLzIwMjFcLzAzXC9uYXJlc3Vhbi5qcGcifQ%3D%3D\">\n\t\t\t\t\t\t\t<img loading=\"lazy\" decoding=\"async\" width=\"682\" height=\"1024\" src=\"https:\/\/laqueusmuaythai.com\/wp-content\/uploads\/2021\/03\/naresuan-682x1024.jpg\" class=\"attachment-large size-large wp-image-1563\" alt=\"\" srcset=\"https:\/\/laqueusmuaythai.com\/wp-content\/uploads\/2021\/03\/naresuan-682x1024.jpg 682w, https:\/\/laqueusmuaythai.com\/wp-content\/uploads\/2021\/03\/naresuan-200x300.jpg 200w, https:\/\/laqueusmuaythai.com\/wp-content\/uploads\/2021\/03\/naresuan-768x1153.jpg 768w, https:\/\/laqueusmuaythai.com\/wp-content\/uploads\/2021\/03\/naresuan.jpg 866w\" sizes=\"(max-width: 682px) 100vw, 682px\" \/>\t\t\t\t\t\t\t\t<\/a>\n\t\t\t\t\t\t\t\t\t\t\t<figcaption class=\"widget-image-caption wp-caption-text\">Naresuan, el Pr\u00edncipe Negro<\/figcaption>\n\t\t\t\t\t\t\t\t\t\t<\/figure>\n\t\t\t\t\t\t\t\t\t<\/div>\n\t\t\t\t<\/div>\n\t\t\t\t<div class=\"elementor-element elementor-element-7d85ce3 elementor-widget elementor-widget-text-editor\" data-id=\"7d85ce3\" data-element_type=\"widget\" data-e-type=\"widget\" data-widget_type=\"text-editor.default\">\n\t\t\t\t<div class=\"elementor-widget-container\">\n\t\t\t\t\t\t\t\t\t<p class=\"MsoNoSpacing\"><span lang=\"ES\">El Pr\u00edncipe Negro, pas\u00f3 parte de su juventud como prisionero del estado birmano. Esto le dio la oportunidad de estudiar rigurosamente el arte de la guerra. Tras su liberaci\u00f3n y vuelta a Siam, quiso separar ambas disciplinas, considerando que las \u00fanicas armas siempre a disposici\u00f3n del guerrero, eran las ofrecidas por su propio cuerpo. Esta divisi\u00f3n qued\u00f3 registrada en el Chuppasart, como uno de los cambios m\u00e1s significativos que sufri\u00f3 el manual.<\/span><\/p>\n<p >Introdujo t\u00e9cnicas de golpes y bloqueos de la pr\u00e1ctica armada, al arte de combate con manos desnudas. Organiz\u00f3 torneos de lucha a gran escala y lecciones colectivas a nivel nacional. Y fue bajo su reinado, que el Muay Boran llegar\u00eda a ser conocido como el \u201cArte de las Ocho Extremidades\u201d debido a los golpes producidos tanto por los pu\u00f1os, como por las piernas, las rodillas o los codos.<\/span><\/p>\t\t\t\t\t\t\t\t<\/div>\n\t\t\t\t<\/div>\n\t\t\t\t<div class=\"elementor-element elementor-element-e8c33a9 elementor-widget elementor-widget-image\" data-id=\"e8c33a9\" data-element_type=\"widget\" data-e-type=\"widget\" data-widget_type=\"image.default\">\n\t\t\t\t<div class=\"elementor-widget-container\">\n\t\t\t\t\t\t\t\t\t\t\t\t<figure class=\"wp-caption\">\n\t\t\t\t\t\t\t\t\t\t\t<a href=\"https:\/\/laqueusmuaythai.com\/wp-content\/uploads\/2021\/03\/krabi_krabong.jpg\" data-elementor-open-lightbox=\"yes\" data-elementor-lightbox-title=\"krabi_krabong\" data-e-action-hash=\"#elementor-action%3Aaction%3Dlightbox%26settings%3DeyJpZCI6MTU4OSwidXJsIjoiaHR0cHM6XC9cL2xhcXVldXNtdWF5dGhhaS5jb21cL3dwLWNvbnRlbnRcL3VwbG9hZHNcLzIwMjFcLzAzXC9rcmFiaV9rcmFib25nLmpwZyJ9\">\n\t\t\t\t\t\t\t<img loading=\"lazy\" decoding=\"async\" width=\"768\" height=\"512\" src=\"https:\/\/laqueusmuaythai.com\/wp-content\/uploads\/2021\/03\/krabi_krabong.jpg\" class=\"attachment-medium_large size-medium_large wp-image-1589\" alt=\"\" srcset=\"https:\/\/laqueusmuaythai.com\/wp-content\/uploads\/2021\/03\/krabi_krabong.jpg 768w, https:\/\/laqueusmuaythai.com\/wp-content\/uploads\/2021\/03\/krabi_krabong-300x200.jpg 300w\" sizes=\"(max-width: 768px) 100vw, 768px\" \/>\t\t\t\t\t\t\t\t<\/a>\n\t\t\t\t\t\t\t\t\t\t\t<figcaption class=\"widget-image-caption wp-caption-text\">Luchadores de Krabi Krabong<\/figcaption>\n\t\t\t\t\t\t\t\t\t\t<\/figure>\n\t\t\t\t\t\t\t\t\t<\/div>\n\t\t\t\t<\/div>\n\t\t\t\t<div class=\"elementor-element elementor-element-56b816b elementor-widget elementor-widget-text-editor\" data-id=\"56b816b\" data-element_type=\"widget\" data-e-type=\"widget\" data-widget_type=\"text-editor.default\">\n\t\t\t\t<div class=\"elementor-widget-container\">\n\t\t\t\t\t\t\t\t\t<p><span lang=\"ES\">El rey Narai (1656) apoy\u00f3 y promovi\u00f3 los deportes, especialmente el Muay Boran, que bajo su reinado llegar\u00eda a ser por primera vez un deporte profesional. En este momento hab\u00eda muchos centros de entrenamiento, y se establecieron las primeras pautas para los eventos. \u00c9stos se disputaban en lugares p\u00fablicos donde el espacio de lucha se delimitaba con una cuerda en el suelo, los combatientes comenzaron a lucir la indumentaria tradicional de \u201cmongkon\u201d y \u201cprajat\u201d, y el boxeo se convirti\u00f3 en una actividad central para las apuestas y festivales populares.<\/span><\/p>\n<p>\n<\/p><p>Otra figura real destacable y probablemente la m\u00e1s famosa como rey combatiente, es sin duda la del rey Suriyenthrathibodi (1703), tambi\u00e9n conocido como Phra Buddha Chao Suea (Rey Tigre), por su fuerza y ferocidad ejecutando las t\u00e9cnicas de Muay Boran. La leyenda cuenta que en los combates que disputaba con sus sirvientes, \u00e9stos no se atrev\u00edan a hacer da\u00f1o al rey por temor a las represalias.&nbsp;<\/p>\t\t\t\t\t\t\t\t<\/div>\n\t\t\t\t<\/div>\n\t\t\t\t<div class=\"elementor-element elementor-element-00e94fb elementor-widget elementor-widget-image\" data-id=\"00e94fb\" data-element_type=\"widget\" data-e-type=\"widget\" data-widget_type=\"image.default\">\n\t\t\t\t<div class=\"elementor-widget-container\">\n\t\t\t\t\t\t\t\t\t\t\t\t<figure class=\"wp-caption\">\n\t\t\t\t\t\t\t\t\t\t\t<a href=\"https:\/\/laqueusmuaythai.com\/wp-content\/uploads\/2021\/03\/8_limbs_Muay-Thai-scaled.jpg\" data-elementor-open-lightbox=\"yes\" data-elementor-lightbox-title=\"8_limbs_Muay-Thai\" data-e-action-hash=\"#elementor-action%3Aaction%3Dlightbox%26settings%3DeyJpZCI6MTU2NywidXJsIjoiaHR0cHM6XC9cL2xhcXVldXNtdWF5dGhhaS5jb21cL3dwLWNvbnRlbnRcL3VwbG9hZHNcLzIwMjFcLzAzXC84X2xpbWJzX011YXktVGhhaS1zY2FsZWQuanBnIn0%3D\">\n\t\t\t\t\t\t\t<img loading=\"lazy\" decoding=\"async\" width=\"768\" height=\"431\" src=\"https:\/\/laqueusmuaythai.com\/wp-content\/uploads\/2021\/03\/8_limbs_Muay-Thai-scaled.jpg\" class=\"attachment-medium_large size-medium_large wp-image-1567\" alt=\"\" srcset=\"https:\/\/laqueusmuaythai.com\/wp-content\/uploads\/2021\/03\/8_limbs_Muay-Thai-scaled.jpg 2560w, https:\/\/laqueusmuaythai.com\/wp-content\/uploads\/2021\/03\/8_limbs_Muay-Thai-300x168.jpg 300w, https:\/\/laqueusmuaythai.com\/wp-content\/uploads\/2021\/03\/8_limbs_Muay-Thai-1024x575.jpg 1024w\" sizes=\"(max-width: 768px) 100vw, 768px\" \/>\t\t\t\t\t\t\t\t<\/a>\n\t\t\t\t\t\t\t\t\t\t\t<figcaption class=\"widget-image-caption wp-caption-text\">El Arte de las 8 Extremidades<\/figcaption>\n\t\t\t\t\t\t\t\t\t\t<\/figure>\n\t\t\t\t\t\t\t\t\t<\/div>\n\t\t\t\t<\/div>\n\t\t\t\t<div class=\"elementor-element elementor-element-55a0274 elementor-widget elementor-widget-text-editor\" data-id=\"55a0274\" data-element_type=\"widget\" data-e-type=\"widget\" data-widget_type=\"text-editor.default\">\n\t\t\t\t<div class=\"elementor-widget-container\">\n\t\t\t\t\t\t\t\t\t<span lang=\"ES\">Pero amaba tanto el combate, que para evaluar realmente su nivel como boxeador, comenz\u00f3 a viajar de inc\u00f3gnito a lo largo de su reino. De esta manera pod\u00eda retar a los campeones locales sin condicionamientos y disputar una pelea justa. Durante su reinado, el pa\u00eds experiment\u00f3 tiempos de paz y para mantener a las tropas ocupadas, orden\u00f3 al ej\u00e9rcito entrenarse habitualmente en las artes del Muay Boran. Adem\u00e1s, fund\u00f3 diversos campos de entrenamiento en toda la naci\u00f3n, que hizo que el deporte tuviera a\u00fan m\u00e1s popularidad de la que ya ten\u00eda entre la poblaci\u00f3n.<p>\n\n<p>El boxeo de Tailandia, lleg\u00f3 a ser el deporte y entretenimiento favoritos del pueblo, la armada y el Rey. Gente de todas partes del pa\u00eds, pobres, ricos j\u00f3venes y viejos eran aficionados a entrenar y participar en eventos deportivos que cada pueblo realizaba para encontrar a sus campeones y otorgarles premios por sus haza\u00f1as.<p>\n\n<p>Durante el reinado de Rama V (1868), el deporte tuvo un auge especial y fue otra \u00e9poca dorada del Muay Thai. En esta \u00e9poca se establecieron numerosos campos de entrenamientos y los caza talentos recorr\u00edan el pa\u00eds para encontrar a los m\u00e1s duros guerreros. \u00c9stos llegaron a participar en diversos eventos organizados por la Casa Real, y fueron acreditados por el Rey con altos t\u00edtulos militares. T\u00edtulos muy cotizados y respetados en todo el pa\u00eds.<p>\n\n<p>Contin\u00faa leyendo sobre la historia del Muay Thai pinchando <a href=\"https:\/\/laqueusmuaythai.com\/index.php\/historia-muay-thai_parte-3\/\">aqu\u00ed.<\/a>\t\t\t\t\t\t\t\t<\/div>\n\t\t\t\t<\/div>\n\t\t\t\t<div class=\"elementor-element elementor-element-d7202b0 elementor-widget elementor-widget-image\" data-id=\"d7202b0\" data-element_type=\"widget\" data-e-type=\"widget\" data-widget_type=\"image.default\">\n\t\t\t\t<div class=\"elementor-widget-container\">\n\t\t\t\t\t\t\t\t\t\t\t\t<figure class=\"wp-caption\">\n\t\t\t\t\t\t\t\t\t\t\t<a href=\"https:\/\/laqueusmuaythai.com\/wp-content\/uploads\/2021\/03\/old_muay_thai_practitioners.jpg\" data-elementor-open-lightbox=\"yes\" data-elementor-lightbox-title=\"old_muay_thai_practitioners\" data-e-action-hash=\"#elementor-action%3Aaction%3Dlightbox%26settings%3DeyJpZCI6MTU3NiwidXJsIjoiaHR0cHM6XC9cL2xhcXVldXNtdWF5dGhhaS5jb21cL3dwLWNvbnRlbnRcL3VwbG9hZHNcLzIwMjFcLzAzXC9vbGRfbXVheV90aGFpX3ByYWN0aXRpb25lcnMuanBnIn0%3D\">\n\t\t\t\t\t\t\t<img loading=\"lazy\" decoding=\"async\" width=\"768\" height=\"512\" src=\"https:\/\/laqueusmuaythai.com\/wp-content\/uploads\/2021\/03\/old_muay_thai_practitioners-768x512.jpg\" class=\"attachment-medium_large size-medium_large wp-image-1576\" alt=\"\" srcset=\"https:\/\/laqueusmuaythai.com\/wp-content\/uploads\/2021\/03\/old_muay_thai_practitioners-768x512.jpg 768w, https:\/\/laqueusmuaythai.com\/wp-content\/uploads\/2021\/03\/old_muay_thai_practitioners-300x200.jpg 300w, https:\/\/laqueusmuaythai.com\/wp-content\/uploads\/2021\/03\/old_muay_thai_practitioners-1024x683.jpg 1024w, https:\/\/laqueusmuaythai.com\/wp-content\/uploads\/2021\/03\/old_muay_thai_practitioners.jpg 1500w\" sizes=\"(max-width: 768px) 100vw, 768px\" \/>\t\t\t\t\t\t\t\t<\/a>\n\t\t\t\t\t\t\t\t\t\t\t<figcaption class=\"widget-image-caption wp-caption-text\">Boxeadores principios de siglo XX<\/figcaption>\n\t\t\t\t\t\t\t\t\t\t<\/figure>\n\t\t\t\t\t\t\t\t\t<\/div>\n\t\t\t\t<\/div>\n\t\t\t\t\t<\/div>\n\t\t<\/div>\n\t\t\t\t\t<\/div>\n\t\t<\/section>\n\t\t\t\t<section class=\"elementor-section elementor-top-section elementor-element elementor-element-57793c6 elementor-section-boxed elementor-section-height-default elementor-section-height-default\" data-id=\"57793c6\" data-element_type=\"section\" data-e-type=\"section\">\n\t\t\t\t\t\t<div class=\"elementor-container elementor-column-gap-default\">\n\t\t\t\t\t<div class=\"elementor-column elementor-col-100 elementor-top-column elementor-element elementor-element-97af966\" data-id=\"97af966\" data-element_type=\"column\" data-e-type=\"column\">\n\t\t\t<div class=\"elementor-widget-wrap elementor-element-populated\">\n\t\t\t\t\t\t<div class=\"elementor-element elementor-element-e3bc4e4 elementor-widget elementor-widget-image\" data-id=\"e3bc4e4\" data-element_type=\"widget\" data-e-type=\"widget\" data-widget_type=\"image.default\">\n\t\t\t\t<div class=\"elementor-widget-container\">\n\t\t\t\t\t\t\t\t\t\t\t\t\t\t\t<img loading=\"lazy\" decoding=\"async\" width=\"800\" height=\"230\" src=\"https:\/\/laqueusmuaythai.com\/wp-content\/uploads\/2020\/10\/thai-decoration-1024x295.png\" class=\"attachment-large size-large wp-image-1090\" alt=\"\" srcset=\"https:\/\/laqueusmuaythai.com\/wp-content\/uploads\/2020\/10\/thai-decoration-1024x295.png 1024w, https:\/\/laqueusmuaythai.com\/wp-content\/uploads\/2020\/10\/thai-decoration-300x86.png 300w, https:\/\/laqueusmuaythai.com\/wp-content\/uploads\/2020\/10\/thai-decoration-768x221.png 768w, https:\/\/laqueusmuaythai.com\/wp-content\/uploads\/2020\/10\/thai-decoration-1536x442.png 1536w, https:\/\/laqueusmuaythai.com\/wp-content\/uploads\/2020\/10\/thai-decoration-2048x589.png 2048w\" sizes=\"(max-width: 800px) 100vw, 800px\" \/>\t\t\t\t\t\t\t\t\t\t\t\t\t\t\t<\/div>\n\t\t\t\t<\/div>\n\t\t\t\t\t<\/div>\n\t\t<\/div>\n\t\t\t\t\t<\/div>\n\t\t<\/section>\n\t\t\t\t<\/div>\n\t\t","protected":false},"excerpt":{"rendered":"<p>Muay Boran Las t\u00e9cnicas utilizadas en la \u00e9poca antigua de Siam y registradas en el Chuppasart, difieren en gran medida de las estudiadas hoy en d\u00eda en las escuelas de Muay Thai. Este compendio de t\u00e9cnicas antiguas, se estudia en otra disciplina paralela al deporte y m\u00e1s en contacto con las antiguas artes marciales llamada [&hellip;]<\/p>\n","protected":false},"author":1,"featured_media":0,"parent":0,"menu_order":0,"comment_status":"closed","ping_status":"closed","template":"","meta":{"footnotes":""},"class_list":["post-1547","page","type-page","status-publish","hentry"],"_links":{"self":[{"href":"https:\/\/laqueusmuaythai.com\/index.php\/wp-json\/wp\/v2\/pages\/1547","targetHints":{"allow":["GET"]}}],"collection":[{"href":"https:\/\/laqueusmuaythai.com\/index.php\/wp-json\/wp\/v2\/pages"}],"about":[{"href":"https:\/\/laqueusmuaythai.com\/index.php\/wp-json\/wp\/v2\/types\/page"}],"author":[{"embeddable":true,"href":"https:\/\/laqueusmuaythai.com\/index.php\/wp-json\/wp\/v2\/users\/1"}],"replies":[{"embeddable":true,"href":"https:\/\/laqueusmuaythai.com\/index.php\/wp-json\/wp\/v2\/comments?post=1547"}],"version-history":[{"count":22,"href":"https:\/\/laqueusmuaythai.com\/index.php\/wp-json\/wp\/v2\/pages\/1547\/revisions"}],"predecessor-version":[{"id":1751,"href":"https:\/\/laqueusmuaythai.com\/index.php\/wp-json\/wp\/v2\/pages\/1547\/revisions\/1751"}],"wp:attachment":[{"href":"https:\/\/laqueusmuaythai.com\/index.php\/wp-json\/wp\/v2\/media?parent=1547"}],"curies":[{"name":"wp","href":"https:\/\/api.w.org\/{rel}","templated":true}]}}