{"id":2180,"date":"2022-06-08T08:15:39","date_gmt":"2022-06-08T08:15:39","guid":{"rendered":"http:\/\/laqueusmuaythai.com\/?page_id=2180"},"modified":"2022-06-08T09:35:25","modified_gmt":"2022-06-08T09:35:25","slug":"personal","status":"publish","type":"page","link":"https:\/\/laqueusmuaythai.com\/index.php\/personal\/","title":{"rendered":"Muay Thai Personal"},"content":{"rendered":"\t\t<div data-elementor-type=\"wp-page\" data-elementor-id=\"2180\" class=\"elementor elementor-2180\" data-elementor-post-type=\"page\">\n\t\t\t\t\t\t<section class=\"elementor-section elementor-top-section elementor-element elementor-element-32545b9 elementor-section-height-min-height elementor-section-boxed elementor-section-height-default elementor-section-items-middle\" data-id=\"32545b9\" data-element_type=\"section\" data-e-type=\"section\" data-settings=\"{&quot;background_background&quot;:&quot;classic&quot;}\">\n\t\t\t\t\t\t\t<div class=\"elementor-background-overlay\"><\/div>\n\t\t\t\t\t\t\t<div class=\"elementor-container elementor-column-gap-default\">\n\t\t\t\t\t<div class=\"elementor-column elementor-col-100 elementor-top-column elementor-element elementor-element-1ccd179 animated-slow elementor-invisible\" data-id=\"1ccd179\" data-element_type=\"column\" data-e-type=\"column\" data-settings=\"{&quot;animation&quot;:&quot;fadeIn&quot;}\">\n\t\t\t<div class=\"elementor-widget-wrap elementor-element-populated\">\n\t\t\t\t\t\t<div class=\"elementor-element elementor-element-20617c8 elementor-widget elementor-widget-image\" data-id=\"20617c8\" data-element_type=\"widget\" data-e-type=\"widget\" data-widget_type=\"image.default\">\n\t\t\t\t<div class=\"elementor-widget-container\">\n\t\t\t\t\t\t\t\t\t\t\t\t\t\t\t<img fetchpriority=\"high\" decoding=\"async\" width=\"800\" height=\"324\" src=\"https:\/\/laqueusmuaythai.com\/wp-content\/uploads\/2022\/06\/portadas_texto-1024x415.png\" class=\"attachment-large size-large wp-image-2189\" alt=\"\" srcset=\"https:\/\/laqueusmuaythai.com\/wp-content\/uploads\/2022\/06\/portadas_texto-1024x415.png 1024w, https:\/\/laqueusmuaythai.com\/wp-content\/uploads\/2022\/06\/portadas_texto-300x122.png 300w, https:\/\/laqueusmuaythai.com\/wp-content\/uploads\/2022\/06\/portadas_texto-768x311.png 768w, https:\/\/laqueusmuaythai.com\/wp-content\/uploads\/2022\/06\/portadas_texto.png 1154w\" sizes=\"(max-width: 800px) 100vw, 800px\" \/>\t\t\t\t\t\t\t\t\t\t\t\t\t\t\t<\/div>\n\t\t\t\t<\/div>\n\t\t\t\t\t<\/div>\n\t\t<\/div>\n\t\t\t\t\t<\/div>\n\t\t<\/section>\n\t\t\t\t<section class=\"elementor-section elementor-top-section elementor-element elementor-element-ee2eae7 elementor-section-boxed elementor-section-height-default elementor-section-height-default\" data-id=\"ee2eae7\" data-element_type=\"section\" data-e-type=\"section\" data-settings=\"{&quot;background_background&quot;:&quot;classic&quot;}\">\n\t\t\t\t\t\t\t<div class=\"elementor-background-overlay\"><\/div>\n\t\t\t\t\t\t\t<div class=\"elementor-container elementor-column-gap-default\">\n\t\t\t\t\t<div class=\"elementor-column elementor-col-100 elementor-top-column elementor-element elementor-element-2be0e6b\" data-id=\"2be0e6b\" data-element_type=\"column\" data-e-type=\"column\">\n\t\t\t<div class=\"elementor-widget-wrap elementor-element-populated\">\n\t\t\t\t\t\t<div class=\"elementor-element elementor-element-699b1be elementor-widget elementor-widget-heading\" data-id=\"699b1be\" data-element_type=\"widget\" data-e-type=\"widget\" data-widget_type=\"heading.default\">\n\t\t\t\t<div class=\"elementor-widget-container\">\n\t\t\t\t\t<h1 class=\"elementor-heading-title elementor-size-default\">Clases personales de Muay Thai en Granada<\/h1>\t\t\t\t<\/div>\n\t\t\t\t<\/div>\n\t\t\t\t<div class=\"elementor-element elementor-element-002ec03 elementor-widget elementor-widget-text-editor\" data-id=\"002ec03\" data-element_type=\"widget\" data-e-type=\"widget\" data-widget_type=\"text-editor.default\">\n\t\t\t\t<div class=\"elementor-widget-container\">\n\t\t\t\t\t\t\t\t\t<p>Si buscas un entrenador\/a personal de Muay Thai en Granada, este es tu sitio. Y si a\u00fan no te lo has planteado, aqu\u00ed te dejamos una serie de ventajas que tiene tener un entrenador\/a personal de Muay Thai.<\/p>\t\t\t\t\t\t\t\t<\/div>\n\t\t\t\t<\/div>\n\t\t\t\t<div class=\"elementor-element elementor-element-774a6e8 elementor-widget elementor-widget-image\" data-id=\"774a6e8\" data-element_type=\"widget\" data-e-type=\"widget\" data-widget_type=\"image.default\">\n\t\t\t\t<div class=\"elementor-widget-container\">\n\t\t\t\t\t\t\t\t\t\t\t\t\t\t\t<img decoding=\"async\" width=\"674\" height=\"484\" src=\"https:\/\/laqueusmuaythai.com\/wp-content\/uploads\/2022\/06\/guantes_muay_thai_ring.jpg\" class=\"attachment-large size-large wp-image-2201\" alt=\"\" srcset=\"https:\/\/laqueusmuaythai.com\/wp-content\/uploads\/2022\/06\/guantes_muay_thai_ring.jpg 674w, https:\/\/laqueusmuaythai.com\/wp-content\/uploads\/2022\/06\/guantes_muay_thai_ring-300x215.jpg 300w\" sizes=\"(max-width: 674px) 100vw, 674px\" \/>\t\t\t\t\t\t\t\t\t\t\t\t\t\t\t<\/div>\n\t\t\t\t<\/div>\n\t\t\t\t<div class=\"elementor-element elementor-element-e79df1d elementor-widget elementor-widget-heading\" data-id=\"e79df1d\" data-element_type=\"widget\" data-e-type=\"widget\" data-widget_type=\"heading.default\">\n\t\t\t\t<div class=\"elementor-widget-container\">\n\t\t\t\t\t<h1 class=\"elementor-heading-title elementor-size-default\">Atenci\u00f3n personalizada<\/h1>\t\t\t\t<\/div>\n\t\t\t\t<\/div>\n\t\t\t\t<div class=\"elementor-element elementor-element-8fd7e07 elementor-widget elementor-widget-text-editor\" data-id=\"8fd7e07\" data-element_type=\"widget\" data-e-type=\"widget\" data-widget_type=\"text-editor.default\">\n\t\t\t\t<div class=\"elementor-widget-container\">\n\t\t\t\t\t\t\t\t\t<p>\u00a0La m\u00e1s importante de todas y la m\u00e1s obvia, aunque no la m\u00e1s considerada. Cuando hablamos de personalizada, queremos decir adaptada a la persona. En Laqueus Dojo, nuestrxs entrenadorxs personales har\u00e1n una evaluaci\u00f3n previa de distintos aspectos relacionados con la pr\u00e1ctica del deporte. Como por ejemplo, si la persona tiene o no experiencia, cu\u00e1l es su condici\u00f3n f\u00edsica o cu\u00e1l es su objetivo a la hora de practicar Muay Thai.<\/p>\t\t\t\t\t\t\t\t<\/div>\n\t\t\t\t<\/div>\n\t\t\t\t<div class=\"elementor-element elementor-element-287df91 elementor-widget elementor-widget-image\" data-id=\"287df91\" data-element_type=\"widget\" data-e-type=\"widget\" data-widget_type=\"image.default\">\n\t\t\t\t<div class=\"elementor-widget-container\">\n\t\t\t\t\t\t\t\t\t\t\t\t\t\t\t<img decoding=\"async\" width=\"768\" height=\"513\" src=\"https:\/\/laqueusmuaythai.com\/wp-content\/uploads\/2022\/06\/7d571496a5f063cb38f71ec3f98fb100-768x513.jpg\" class=\"attachment-medium_large size-medium_large wp-image-2195\" alt=\"\" srcset=\"https:\/\/laqueusmuaythai.com\/wp-content\/uploads\/2022\/06\/7d571496a5f063cb38f71ec3f98fb100-768x513.jpg 768w, https:\/\/laqueusmuaythai.com\/wp-content\/uploads\/2022\/06\/7d571496a5f063cb38f71ec3f98fb100-300x200.jpg 300w, https:\/\/laqueusmuaythai.com\/wp-content\/uploads\/2022\/06\/7d571496a5f063cb38f71ec3f98fb100.jpg 918w\" sizes=\"(max-width: 768px) 100vw, 768px\" \/>\t\t\t\t\t\t\t\t\t\t\t\t\t\t\t<\/div>\n\t\t\t\t<\/div>\n\t\t\t\t<div class=\"elementor-element elementor-element-9ae9c09 elementor-widget elementor-widget-heading\" data-id=\"9ae9c09\" data-element_type=\"widget\" data-e-type=\"widget\" data-widget_type=\"heading.default\">\n\t\t\t\t<div class=\"elementor-widget-container\">\n\t\t\t\t\t<h1 class=\"elementor-heading-title elementor-size-default\">Aumento del rendimiento<\/h1>\t\t\t\t<\/div>\n\t\t\t\t<\/div>\n\t\t\t\t<div class=\"elementor-element elementor-element-978a5cf elementor-widget elementor-widget-text-editor\" data-id=\"978a5cf\" data-element_type=\"widget\" data-e-type=\"widget\" data-widget_type=\"text-editor.default\">\n\t\t\t\t<div class=\"elementor-widget-container\">\n\t\t\t\t\t\t\t\t\t<p>La atenci\u00f3n individual y exclusiva de un entrenador\/a, har\u00e1 que tus progresos sean exponenciales. Ya sea a la hora de aprender la t\u00e9cnica o de mejorar tu condici\u00f3n f\u00edsica, tener un entrenador\/a dedicado, har\u00e1 que todo vaya mucho m\u00e1s r\u00e1pido. El entrenamiento personalizado y dedicado es muy efectivo y har\u00e1 que veas resultados en menos tiempo que por tu cuenta o entrenando en grupo.<\/p>\t\t\t\t\t\t\t\t<\/div>\n\t\t\t\t<\/div>\n\t\t\t\t<div class=\"elementor-element elementor-element-e8c997a elementor-widget elementor-widget-image\" data-id=\"e8c997a\" data-element_type=\"widget\" data-e-type=\"widget\" data-widget_type=\"image.default\">\n\t\t\t\t<div class=\"elementor-widget-container\">\n\t\t\t\t\t\t\t\t\t\t\t\t\t\t\t<img loading=\"lazy\" decoding=\"async\" width=\"800\" height=\"613\" src=\"https:\/\/laqueusmuaythai.com\/wp-content\/uploads\/2022\/06\/muay-thai-pad-work.jpg\" class=\"attachment-large size-large wp-image-2186\" alt=\"\" srcset=\"https:\/\/laqueusmuaythai.com\/wp-content\/uploads\/2022\/06\/muay-thai-pad-work.jpg 995w, https:\/\/laqueusmuaythai.com\/wp-content\/uploads\/2022\/06\/muay-thai-pad-work-300x230.jpg 300w, https:\/\/laqueusmuaythai.com\/wp-content\/uploads\/2022\/06\/muay-thai-pad-work-768x589.jpg 768w\" sizes=\"(max-width: 800px) 100vw, 800px\" \/>\t\t\t\t\t\t\t\t\t\t\t\t\t\t\t<\/div>\n\t\t\t\t<\/div>\n\t\t\t\t<div class=\"elementor-element elementor-element-7856c86 elementor-widget elementor-widget-heading\" data-id=\"7856c86\" data-element_type=\"widget\" data-e-type=\"widget\" data-widget_type=\"heading.default\">\n\t\t\t\t<div class=\"elementor-widget-container\">\n\t\t\t\t\t<h1 class=\"elementor-heading-title elementor-size-default\">Motivaci\u00f3n personal aumentada<\/h1>\t\t\t\t<\/div>\n\t\t\t\t<\/div>\n\t\t\t\t<div class=\"elementor-element elementor-element-c93252f elementor-widget elementor-widget-text-editor\" data-id=\"c93252f\" data-element_type=\"widget\" data-e-type=\"widget\" data-widget_type=\"text-editor.default\">\n\t\t\t\t<div class=\"elementor-widget-container\">\n\t\t\t\t\t\t\t\t\t<p>El hecho de ver resultados con la pr\u00e1ctica de un deporte, har\u00e1 que estemos motivados con la actividad y con nosotrxs mismxs. Cuando el entrenamiento es personalizado y los resultados son m\u00e1s r\u00e1pidos, nuestra motivaci\u00f3n ser\u00e1 tambi\u00e9n mayor. Y no solo eso, tener el apoyo constante de una persona que nos recuerda nuestros logros y nos expone nuestras metas, ayudar\u00e1 a\u00fan m\u00e1s, a aumentar esta motivaci\u00f3n.<\/p>\t\t\t\t\t\t\t\t<\/div>\n\t\t\t\t<\/div>\n\t\t\t\t<div class=\"elementor-element elementor-element-e8c33a9 elementor-widget elementor-widget-image\" data-id=\"e8c33a9\" data-element_type=\"widget\" data-e-type=\"widget\" data-widget_type=\"image.default\">\n\t\t\t\t<div class=\"elementor-widget-container\">\n\t\t\t\t\t\t\t\t\t\t\t\t\t\t\t<img loading=\"lazy\" decoding=\"async\" width=\"768\" height=\"513\" src=\"https:\/\/laqueusmuaythai.com\/wp-content\/uploads\/2022\/06\/GettyImages-618981846-768x513.jpg\" class=\"attachment-medium_large size-medium_large wp-image-2188\" alt=\"\" srcset=\"https:\/\/laqueusmuaythai.com\/wp-content\/uploads\/2022\/06\/GettyImages-618981846-768x513.jpg 768w, https:\/\/laqueusmuaythai.com\/wp-content\/uploads\/2022\/06\/GettyImages-618981846-300x200.jpg 300w, https:\/\/laqueusmuaythai.com\/wp-content\/uploads\/2022\/06\/GettyImages-618981846-1024x684.jpg 1024w, https:\/\/laqueusmuaythai.com\/wp-content\/uploads\/2022\/06\/GettyImages-618981846.jpg 1031w\" sizes=\"(max-width: 768px) 100vw, 768px\" \/>\t\t\t\t\t\t\t\t\t\t\t\t\t\t\t<\/div>\n\t\t\t\t<\/div>\n\t\t\t\t<div class=\"elementor-element elementor-element-8519c24 elementor-widget elementor-widget-heading\" data-id=\"8519c24\" data-element_type=\"widget\" data-e-type=\"widget\" data-widget_type=\"heading.default\">\n\t\t\t\t<div class=\"elementor-widget-container\">\n\t\t\t\t\t<h1 class=\"elementor-heading-title elementor-size-default\">Supervisi\u00f3n continua<\/h1>\t\t\t\t<\/div>\n\t\t\t\t<\/div>\n\t\t\t\t<div class=\"elementor-element elementor-element-551951d elementor-widget elementor-widget-text-editor\" data-id=\"551951d\" data-element_type=\"widget\" data-e-type=\"widget\" data-widget_type=\"text-editor.default\">\n\t\t\t\t<div class=\"elementor-widget-container\">\n\t\t\t\t\t\t\t\t\t<p>El entrenador\/a personal de Muay Thai, estar\u00e1 contigo en todo el proceso de evoluci\u00f3n personal. Se adaptar\u00e1 a tus necesidades f\u00edsicas y t\u00e9cnicas e ir\u00e1 evolucionando conforme t\u00fa vayas mejorando. Si empiezas con un nivel de principiante, primero tendr\u00e1s que aprender ciertas t\u00e9cnicas antes de hacer entrenamientos m\u00e1s intensos. Cuando controles ciertas cosas, y tengas mejor condici\u00f3n f\u00edsica, la rutina cambiar\u00e1 para adaptarse en funci\u00f3n de tu nivel. Adem\u00e1s, tendr\u00e1s asesoramiento en temas de nutrici\u00f3n, lesiones u otras cuestiones que puedan surgir en la pr\u00e1ctica del deporte.<\/p>\t\t\t\t\t\t\t\t<\/div>\n\t\t\t\t<\/div>\n\t\t\t\t<div class=\"elementor-element elementor-element-92c803c elementor-widget elementor-widget-image\" data-id=\"92c803c\" data-element_type=\"widget\" data-e-type=\"widget\" data-widget_type=\"image.default\">\n\t\t\t\t<div class=\"elementor-widget-container\">\n\t\t\t\t\t\t\t\t\t\t\t\t\t\t\t<img loading=\"lazy\" decoding=\"async\" width=\"612\" height=\"408\" src=\"https:\/\/laqueusmuaythai.com\/wp-content\/uploads\/2022\/06\/istockphoto-880973010-612x612-1.jpg\" class=\"attachment-large size-large wp-image-2184\" alt=\"\" srcset=\"https:\/\/laqueusmuaythai.com\/wp-content\/uploads\/2022\/06\/istockphoto-880973010-612x612-1.jpg 612w, https:\/\/laqueusmuaythai.com\/wp-content\/uploads\/2022\/06\/istockphoto-880973010-612x612-1-300x200.jpg 300w\" sizes=\"(max-width: 612px) 100vw, 612px\" \/>\t\t\t\t\t\t\t\t\t\t\t\t\t\t\t<\/div>\n\t\t\t\t<\/div>\n\t\t\t\t<div class=\"elementor-element elementor-element-66ded57 elementor-widget elementor-widget-heading\" data-id=\"66ded57\" data-element_type=\"widget\" data-e-type=\"widget\" data-widget_type=\"heading.default\">\n\t\t\t\t<div class=\"elementor-widget-container\">\n\t\t\t\t\t<h1 class=\"elementor-heading-title elementor-size-default\">Se adapta a tu tiempo<\/h1>\t\t\t\t<\/div>\n\t\t\t\t<\/div>\n\t\t\t\t<div class=\"elementor-element elementor-element-9627f00 elementor-widget elementor-widget-text-editor\" data-id=\"9627f00\" data-element_type=\"widget\" data-e-type=\"widget\" data-widget_type=\"text-editor.default\">\n\t\t\t\t<div class=\"elementor-widget-container\">\n\t\t\t\t\t\t\t\t\t<p>En la vida moderna, el tiempo es un bien preciado. Estamos tan ocupadxs con tantas cosas que hacer, que no nos queda tiempo para mucho m\u00e1s. En una escuela, las clases de grupo se dan a horas concretas del d\u00eda. Horas que para muchas personas no son ideales por sus responsabilidades. Un entrenador personal se puede adaptar a tu horario y ofrecerte una rutina de entrenamiento a la hora que mejor te convenga. As\u00ed que ya no es excusa decir que no tienes tiempo. Una hora al d\u00eda es suficiente para estar en forma y aprender Muay Thai de la mejor manera. A la hora que t\u00fa puedas.<\/p>\t\t\t\t\t\t\t\t<\/div>\n\t\t\t\t<\/div>\n\t\t\t\t<div class=\"elementor-element elementor-element-680477a elementor-widget elementor-widget-image\" data-id=\"680477a\" data-element_type=\"widget\" data-e-type=\"widget\" data-widget_type=\"image.default\">\n\t\t\t\t<div class=\"elementor-widget-container\">\n\t\t\t\t\t\t\t\t\t\t\t\t\t\t\t<img loading=\"lazy\" decoding=\"async\" width=\"800\" height=\"533\" src=\"https:\/\/laqueusmuaythai.com\/wp-content\/uploads\/2022\/06\/360_F_168197240_lJLgiVTLAupqyGJnQapKRPQncfwp7Lnj.jpg\" class=\"attachment-large size-large wp-image-2192\" alt=\"\" srcset=\"https:\/\/laqueusmuaythai.com\/wp-content\/uploads\/2022\/06\/360_F_168197240_lJLgiVTLAupqyGJnQapKRPQncfwp7Lnj.jpg 800w, https:\/\/laqueusmuaythai.com\/wp-content\/uploads\/2022\/06\/360_F_168197240_lJLgiVTLAupqyGJnQapKRPQncfwp7Lnj-300x200.jpg 300w, https:\/\/laqueusmuaythai.com\/wp-content\/uploads\/2022\/06\/360_F_168197240_lJLgiVTLAupqyGJnQapKRPQncfwp7Lnj-768x512.jpg 768w\" sizes=\"(max-width: 800px) 100vw, 800px\" \/>\t\t\t\t\t\t\t\t\t\t\t\t\t\t\t<\/div>\n\t\t\t\t<\/div>\n\t\t\t\t<div class=\"elementor-element elementor-element-66383cd elementor-widget elementor-widget-text-editor\" data-id=\"66383cd\" data-element_type=\"widget\" data-e-type=\"widget\" data-widget_type=\"text-editor.default\">\n\t\t\t\t<div class=\"elementor-widget-container\">\n\t\t\t\t\t\t\t\t\t<p>As\u00ed que ya sabes. No te lo pienses y contrata nuestras clases personales de Muay Thai con profesionales dedicados y con experiencia. <br \/><br \/>Por favor, contacta con nosotrxs para cualquier duda que te pueda surgir o para venir a conocernos. Estaremos encantadxs de recibirte.<br \/><br \/>Sawat Dee Kaap<\/p>\t\t\t\t\t\t\t\t<\/div>\n\t\t\t\t<\/div>\n\t\t\t\t<div class=\"elementor-element elementor-element-94d8e5f elementor-align-center elementor-widget elementor-widget-button\" data-id=\"94d8e5f\" data-element_type=\"widget\" data-e-type=\"widget\" data-widget_type=\"button.default\">\n\t\t\t\t<div class=\"elementor-widget-container\">\n\t\t\t\t\t\t\t\t\t<div class=\"elementor-button-wrapper\">\n\t\t\t\t\t<a class=\"elementor-button elementor-button-link elementor-size-xs\" href=\"https:\/\/laqueusmuaythai.com\/index.php\/contacto\/\">\n\t\t\t\t\t\t<span class=\"elementor-button-content-wrapper\">\n\t\t\t\t\t\t\t\t\t<span class=\"elementor-button-text\">Contacto<\/span>\n\t\t\t\t\t<\/span>\n\t\t\t\t\t<\/a>\n\t\t\t\t<\/div>\n\t\t\t\t\t\t\t\t<\/div>\n\t\t\t\t<\/div>\n\t\t\t\t\t<\/div>\n\t\t<\/div>\n\t\t\t\t\t<\/div>\n\t\t<\/section>\n\t\t\t\t<section class=\"elementor-section elementor-top-section elementor-element elementor-element-57793c6 elementor-section-boxed elementor-section-height-default elementor-section-height-default\" data-id=\"57793c6\" data-element_type=\"section\" data-e-type=\"section\">\n\t\t\t\t\t\t<div class=\"elementor-container elementor-column-gap-default\">\n\t\t\t\t\t<div class=\"elementor-column elementor-col-100 elementor-top-column elementor-element elementor-element-97af966\" data-id=\"97af966\" data-element_type=\"column\" data-e-type=\"column\">\n\t\t\t<div class=\"elementor-widget-wrap elementor-element-populated\">\n\t\t\t\t\t\t<div class=\"elementor-element elementor-element-e3bc4e4 elementor-widget elementor-widget-image\" data-id=\"e3bc4e4\" data-element_type=\"widget\" data-e-type=\"widget\" data-widget_type=\"image.default\">\n\t\t\t\t<div class=\"elementor-widget-container\">\n\t\t\t\t\t\t\t\t\t\t\t\t\t\t\t<img loading=\"lazy\" decoding=\"async\" width=\"800\" height=\"230\" src=\"https:\/\/laqueusmuaythai.com\/wp-content\/uploads\/2020\/10\/thai-decoration-1024x295.png\" class=\"attachment-large size-large wp-image-1090\" alt=\"\" srcset=\"https:\/\/laqueusmuaythai.com\/wp-content\/uploads\/2020\/10\/thai-decoration-1024x295.png 1024w, https:\/\/laqueusmuaythai.com\/wp-content\/uploads\/2020\/10\/thai-decoration-300x86.png 300w, https:\/\/laqueusmuaythai.com\/wp-content\/uploads\/2020\/10\/thai-decoration-768x221.png 768w, https:\/\/laqueusmuaythai.com\/wp-content\/uploads\/2020\/10\/thai-decoration-1536x442.png 1536w, https:\/\/laqueusmuaythai.com\/wp-content\/uploads\/2020\/10\/thai-decoration-2048x589.png 2048w\" sizes=\"(max-width: 800px) 100vw, 800px\" \/>\t\t\t\t\t\t\t\t\t\t\t\t\t\t\t<\/div>\n\t\t\t\t<\/div>\n\t\t\t\t\t<\/div>\n\t\t<\/div>\n\t\t\t\t\t<\/div>\n\t\t<\/section>\n\t\t\t\t<\/div>\n\t\t","protected":false},"excerpt":{"rendered":"<p>Clases personales de Muay Thai en Granada Si buscas un entrenador\/a personal de Muay Thai en Granada, este es tu sitio. Y si a\u00fan no te lo has planteado, aqu\u00ed te dejamos una serie de ventajas que tiene tener un entrenador\/a personal de Muay Thai. Atenci\u00f3n personalizada \u00a0La m\u00e1s importante de todas y la m\u00e1s [&hellip;]<\/p>\n","protected":false},"author":1,"featured_media":0,"parent":0,"menu_order":0,"comment_status":"closed","ping_status":"closed","template":"","meta":{"footnotes":""},"class_list":["post-2180","page","type-page","status-publish","hentry"],"_links":{"self":[{"href":"https:\/\/laqueusmuaythai.com\/index.php\/wp-json\/wp\/v2\/pages\/2180","targetHints":{"allow":["GET"]}}],"collection":[{"href":"https:\/\/laqueusmuaythai.com\/index.php\/wp-json\/wp\/v2\/pages"}],"about":[{"href":"https:\/\/laqueusmuaythai.com\/index.php\/wp-json\/wp\/v2\/types\/page"}],"author":[{"embeddable":true,"href":"https:\/\/laqueusmuaythai.com\/index.php\/wp-json\/wp\/v2\/users\/1"}],"replies":[{"embeddable":true,"href":"https:\/\/laqueusmuaythai.com\/index.php\/wp-json\/wp\/v2\/comments?post=2180"}],"version-history":[{"count":9,"href":"https:\/\/laqueusmuaythai.com\/index.php\/wp-json\/wp\/v2\/pages\/2180\/revisions"}],"predecessor-version":[{"id":2207,"href":"https:\/\/laqueusmuaythai.com\/index.php\/wp-json\/wp\/v2\/pages\/2180\/revisions\/2207"}],"wp:attachment":[{"href":"https:\/\/laqueusmuaythai.com\/index.php\/wp-json\/wp\/v2\/media?parent=2180"}],"curies":[{"name":"wp","href":"https:\/\/api.w.org\/{rel}","templated":true}]}}