{"id":2917,"date":"2026-04-22T07:14:32","date_gmt":"2026-04-22T07:14:32","guid":{"rendered":"https:\/\/laqueusmuaythai.com\/?page_id=2917"},"modified":"2026-04-22T07:24:01","modified_gmt":"2026-04-22T07:24:01","slug":"declaracion-de-accesibilidad","status":"publish","type":"page","link":"https:\/\/laqueusmuaythai.com\/index.php\/declaracion-de-accesibilidad\/","title":{"rendered":"Declaraci\u00f3n de Accesibilidad"},"content":{"rendered":"\t\t<div data-elementor-type=\"wp-page\" data-elementor-id=\"2917\" class=\"elementor elementor-2917\" data-elementor-post-type=\"page\">\n\t\t\t\t\t\t<section class=\"elementor-section elementor-top-section elementor-element elementor-element-676b6ae elementor-section-boxed elementor-section-height-default elementor-section-height-default\" data-id=\"676b6ae\" data-element_type=\"section\" data-e-type=\"section\">\n\t\t\t\t\t\t<div class=\"elementor-container elementor-column-gap-default\">\n\t\t\t\t\t<div class=\"elementor-column elementor-col-100 elementor-top-column elementor-element elementor-element-dcd8fc2\" data-id=\"dcd8fc2\" data-element_type=\"column\" data-e-type=\"column\">\n\t\t\t<div class=\"elementor-widget-wrap elementor-element-populated\">\n\t\t\t\t\t\t<div class=\"elementor-element elementor-element-0ff4282 elementor-widget elementor-widget-text-editor\" data-id=\"0ff4282\" data-element_type=\"widget\" data-e-type=\"widget\" data-widget_type=\"text-editor.default\">\n\t\t\t\t<div class=\"elementor-widget-container\">\n\t\t\t\t\t\t\t\t\t<div class=\"page-header\"><h1 class=\"entry-title\">Nuestro compromiso con la accesibilidad web<\/h1><\/div><div class=\"page-content\"><h2 class=\"wp-block-heading\">Declaraci\u00f3n de accesibilidad<\/h2><p>Esta p\u00e1gina web se ha dise\u00f1ado para ser accesible y cumplir con los principios de accesibilidad del nivel AA de las Pautas de Accesibilidad al Contenido en la Web (WCAG 2.1) establecidos por el W3C.<\/p><h2 class=\"wp-block-heading\">Situaci\u00f3n de cumplimiento<\/h2><p>Este sitio web es parcialmente conforme con las WCAG 2.1 nivel AA debido a la falta de conformidad con algunos aspectos de los criterios de accesibilidad.<\/p><h2 class=\"wp-block-heading\">Preparaci\u00f3n de la presente declaraci\u00f3n de accesibilidad<\/h2><p>La presente declaraci\u00f3n fue preparada el 02\/11\/2024 utilizando una autoevaluaci\u00f3n realizada por el propio desarrollador.<\/p><h2 class=\"wp-block-heading\">Observaciones y datos de contacto<\/h2><p>Si encuentra dificultades de acceso o quiere hacer cualquier sugerencia, puede contactar con nosotros a trav\u00e9s del correo: laqueusmuaythai@gmail.com<\/p><h2 class=\"wp-block-heading\">Procedimiento de aplicaci\u00f3n<\/h2><p>Si la respuesta a una solicitud de accesibilidad no es satisfactoria, puede dirigirse al organismo competente:\u00a0<a role=\"link\" href=\"https:\/\/www.sede.defensordelpueblo.es\/\" target=\"\" rel=\"noreferrer noopener\">Defensor del Pueblo<\/a>.<\/p><\/div>\t\t\t\t\t\t\t\t<\/div>\n\t\t\t\t<\/div>\n\t\t\t\t\t<\/div>\n\t\t<\/div>\n\t\t\t\t\t<\/div>\n\t\t<\/section>\n\t\t\t\t<\/div>\n\t\t","protected":false},"excerpt":{"rendered":"<p>Nuestro compromiso con la accesibilidad web Declaraci\u00f3n de accesibilidad Esta p\u00e1gina web se ha dise\u00f1ado para ser accesible y cumplir con los principios de accesibilidad del nivel AA de las Pautas de Accesibilidad al Contenido en la Web (WCAG 2.1) establecidos por el W3C. Situaci\u00f3n de cumplimiento Este sitio web es parcialmente conforme con las [&hellip;]<\/p>\n","protected":false},"author":1,"featured_media":0,"parent":0,"menu_order":0,"comment_status":"closed","ping_status":"closed","template":"elementor_header_footer","meta":{"footnotes":""},"class_list":["post-2917","page","type-page","status-publish","hentry"],"_links":{"self":[{"href":"https:\/\/laqueusmuaythai.com\/index.php\/wp-json\/wp\/v2\/pages\/2917","targetHints":{"allow":["GET"]}}],"collection":[{"href":"https:\/\/laqueusmuaythai.com\/index.php\/wp-json\/wp\/v2\/pages"}],"about":[{"href":"https:\/\/laqueusmuaythai.com\/index.php\/wp-json\/wp\/v2\/types\/page"}],"author":[{"embeddable":true,"href":"https:\/\/laqueusmuaythai.com\/index.php\/wp-json\/wp\/v2\/users\/1"}],"replies":[{"embeddable":true,"href":"https:\/\/laqueusmuaythai.com\/index.php\/wp-json\/wp\/v2\/comments?post=2917"}],"version-history":[{"count":10,"href":"https:\/\/laqueusmuaythai.com\/index.php\/wp-json\/wp\/v2\/pages\/2917\/revisions"}],"predecessor-version":[{"id":2936,"href":"https:\/\/laqueusmuaythai.com\/index.php\/wp-json\/wp\/v2\/pages\/2917\/revisions\/2936"}],"wp:attachment":[{"href":"https:\/\/laqueusmuaythai.com\/index.php\/wp-json\/wp\/v2\/media?parent=2917"}],"curies":[{"name":"wp","href":"https:\/\/api.w.org\/{rel}","templated":true}]}}