{"id":804,"date":"2020-10-18T16:29:16","date_gmt":"2020-10-18T16:29:16","guid":{"rendered":"http:\/\/laqueusmuaythai.com\/?page_id=804"},"modified":"2026-02-17T16:45:57","modified_gmt":"2026-02-17T16:45:57","slug":"jiu-jitsu-brasileno","status":"publish","type":"page","link":"https:\/\/laqueusmuaythai.com\/index.php\/jiu-jitsu-brasileno\/","title":{"rendered":"Jiu Jitsu Brasile\u00f1o"},"content":{"rendered":"\t\t<div data-elementor-type=\"wp-page\" data-elementor-id=\"804\" class=\"elementor elementor-804\" data-elementor-settings=\"[]\">\n\t\t\t\t\t\t<div class=\"elementor-inner\">\n\t\t\t\t\t\t\t<div class=\"elementor-section-wrap\">\n\t\t\t\t\t\t\t<section class=\"elementor-section elementor-top-section elementor-element elementor-element-ea2524d elementor-section-height-min-height elementor-section-boxed elementor-section-height-default elementor-section-items-middle\" data-id=\"ea2524d\" data-element_type=\"section\" data-settings=\"{&quot;background_background&quot;:&quot;classic&quot;}\">\n\t\t\t\t\t\t\t<div class=\"elementor-background-overlay\"><\/div>\n\t\t\t\t\t\t\t<div class=\"elementor-container elementor-column-gap-default\">\n\t\t\t\t\t\t\t<div class=\"elementor-row\">\n\t\t\t\t\t<div class=\"elementor-column elementor-col-100 elementor-top-column elementor-element elementor-element-da0e828 animated-slow elementor-invisible\" data-id=\"da0e828\" data-element_type=\"column\" data-settings=\"{&quot;animation&quot;:&quot;fadeIn&quot;}\">\n\t\t\t<div class=\"elementor-column-wrap elementor-element-populated\">\n\t\t\t\t\t\t\t<div class=\"elementor-widget-wrap\">\n\t\t\t\t\t\t<div class=\"elementor-element elementor-element-2b60bb6 elementor-widget elementor-widget-image\" data-id=\"2b60bb6\" data-element_type=\"widget\" data-widget_type=\"image.default\">\n\t\t\t\t<div class=\"elementor-widget-container\">\n\t\t\t\t\t<div class=\"elementor-image\">\n\t\t\t\t\t\t\t\t\t\t<img loading=\"lazy\" decoding=\"async\" width=\"800\" height=\"187\" src=\"https:\/\/laqueusmuaythai.com\/wp-content\/uploads\/2026\/02\/portada_texto_bjj-1024x239.png\" class=\"attachment-large size-large\" alt=\"\" srcset=\"https:\/\/laqueusmuaythai.com\/wp-content\/uploads\/2026\/02\/portada_texto_bjj-1024x239.png 1024w, https:\/\/laqueusmuaythai.com\/wp-content\/uploads\/2026\/02\/portada_texto_bjj-300x70.png 300w, https:\/\/laqueusmuaythai.com\/wp-content\/uploads\/2026\/02\/portada_texto_bjj-768x179.png 768w, https:\/\/laqueusmuaythai.com\/wp-content\/uploads\/2026\/02\/portada_texto_bjj-1536x358.png 1536w, https:\/\/laqueusmuaythai.com\/wp-content\/uploads\/2026\/02\/portada_texto_bjj.png 2008w\" sizes=\"auto, (max-width: 800px) 100vw, 800px\" \/>\t\t\t\t\t\t\t\t\t\t\t<\/div>\n\t\t\t\t<\/div>\n\t\t\t\t<\/div>\n\t\t\t\t\t\t<\/div>\n\t\t\t\t\t<\/div>\n\t\t<\/div>\n\t\t\t\t\t\t\t\t<\/div>\n\t\t\t\t\t<\/div>\n\t\t<\/section>\n\t\t\t\t<section class=\"elementor-section elementor-top-section elementor-element elementor-element-0a0a744 elementor-section-boxed elementor-section-height-default elementor-section-height-default\" data-id=\"0a0a744\" data-element_type=\"section\" data-settings=\"{&quot;background_background&quot;:&quot;classic&quot;}\">\n\t\t\t\t\t\t\t<div class=\"elementor-background-overlay\"><\/div>\n\t\t\t\t\t\t\t<div class=\"elementor-container elementor-column-gap-default\">\n\t\t\t\t\t\t\t<div class=\"elementor-row\">\n\t\t\t\t\t<div class=\"elementor-column elementor-col-100 elementor-top-column elementor-element elementor-element-1d23937\" data-id=\"1d23937\" data-element_type=\"column\">\n\t\t\t<div class=\"elementor-column-wrap elementor-element-populated\">\n\t\t\t\t\t\t\t<div class=\"elementor-widget-wrap\">\n\t\t\t\t\t\t<div class=\"elementor-element elementor-element-877d4fb elementor-widget elementor-widget-heading\" data-id=\"877d4fb\" data-element_type=\"widget\" data-widget_type=\"heading.default\">\n\t\t\t\t<div class=\"elementor-widget-container\">\n\t\t\t<h1 class=\"elementor-heading-title elementor-size-default\"><p><b>Jiu Jitsu Brasile\u00f1o en Granada<\/b><span style=\"font-size: 2.5rem;\"><\/span><\/p><\/h1>\t\t<\/div>\n\t\t\t\t<\/div>\n\t\t\t\t<div class=\"elementor-element elementor-element-d4bd5f0 elementor-widget elementor-widget-text-editor\" data-id=\"d4bd5f0\" data-element_type=\"widget\" data-widget_type=\"text-editor.default\">\n\t\t\t\t<div class=\"elementor-widget-container\">\n\t\t\t\t\t<div class=\"elementor-text-editor elementor-clearfix\"><p class=\"MsoNormal\"><span lang=\"ES\">\u00bfQuieres aprender uno de los deportes de combate m\u00e1s efectivos y populares? Est\u00e1s de suerte. En nuestra escuela tendr\u00e1s la mejor formaci\u00f3n y el mejor ambiente para practicar Jiu Jitsu Brasile\u00f1o. Tanto si est\u00e1s de paso como si vives en Gramada o alrededores, nos tienes a tu disposici\u00f3n en el barrio de La Chana. A tan solo 15 min del centro de la ciudad y con las mejores instalaciones. Disfruta practicando este arte marcial de origen brasile\u00f1o, que ha cobrado tanta popularidad en los \u00faltimos a\u00f1os gracias al impacto de las MMA (artes marciales mixtas) y de eventos como la UFC.<\/span><\/p><p>El\u00a0<strong>Jiu Jitsu Brasile\u00f1o (BJJ)<\/strong>\u00a0es m\u00e1s que un deporte o un sistema de combate: es una filosof\u00eda de vida que ense\u00f1a control, t\u00e9cnica y resiliencia. Nacido en Brasil a partir de las artes marciales japonesas, este arte ha conquistado el mundo gracias a su efectividad, su profundidad t\u00e9cnica y su capacidad para transformar tanto el cuerpo como la mente.<\/p><p>Qu\u00e9date con nosotr@s para explorar\u00a0<strong>su historia, sus fundamentos, los beneficios de su pr\u00e1ctica<\/strong>\u00a0y por qu\u00e9 se ha convertido en una de las\u00a0<strong>disciplinas m\u00e1s completas y seguras para la defensa personal<\/strong>.<\/p><\/div>\n\t\t\t\t<\/div>\n\t\t\t\t<\/div>\n\t\t\t\t<div class=\"elementor-element elementor-element-0fddffa elementor-widget elementor-widget-image\" data-id=\"0fddffa\" data-element_type=\"widget\" data-widget_type=\"image.default\">\n\t\t\t\t<div class=\"elementor-widget-container\">\n\t\t\t\t\t<div class=\"elementor-image\">\n\t\t\t\t\t\t\t\t\t\t<img loading=\"lazy\" decoding=\"async\" width=\"800\" height=\"534\" src=\"https:\/\/laqueusmuaythai.com\/wp-content\/uploads\/2026\/02\/65190280_2558845384147268_6771379365096718336_n-1024x683.jpg\" class=\"attachment-large size-large\" alt=\"\" srcset=\"https:\/\/laqueusmuaythai.com\/wp-content\/uploads\/2026\/02\/65190280_2558845384147268_6771379365096718336_n-1024x683.jpg 1024w, https:\/\/laqueusmuaythai.com\/wp-content\/uploads\/2026\/02\/65190280_2558845384147268_6771379365096718336_n-300x200.jpg 300w, https:\/\/laqueusmuaythai.com\/wp-content\/uploads\/2026\/02\/65190280_2558845384147268_6771379365096718336_n-768x512.jpg 768w, https:\/\/laqueusmuaythai.com\/wp-content\/uploads\/2026\/02\/65190280_2558845384147268_6771379365096718336_n.jpg 1128w\" sizes=\"auto, (max-width: 800px) 100vw, 800px\" \/>\t\t\t\t\t\t\t\t\t\t\t<\/div>\n\t\t\t\t<\/div>\n\t\t\t\t<\/div>\n\t\t\t\t<div class=\"elementor-element elementor-element-84b2808 elementor-widget elementor-widget-heading\" data-id=\"84b2808\" data-element_type=\"widget\" data-widget_type=\"heading.default\">\n\t\t\t\t<div class=\"elementor-widget-container\">\n\t\t\t<h1 class=\"elementor-heading-title elementor-size-default\"><p><b>Or\u00edgenes del Jiu Jitsu Brasile\u00f1o<\/b><span style=\"font-size: 2.5rem;\"><\/span><\/p><\/h1>\t\t<\/div>\n\t\t\t\t<\/div>\n\t\t\t\t<div class=\"elementor-element elementor-element-0556431 elementor-widget elementor-widget-text-editor\" data-id=\"0556431\" data-element_type=\"widget\" data-widget_type=\"text-editor.default\">\n\t\t\t\t<div class=\"elementor-widget-container\">\n\t\t\t\t\t<div class=\"elementor-text-editor elementor-clearfix\"><p>El origen del Jiu Jitsu Brasile\u00f1o se remonta a principios del siglo XX, cuando el maestro japon\u00e9s <strong>Mitsuyo Maeda<\/strong>, tambi\u00e9n conocido como <em>Conde Koma<\/em>, lleg\u00f3 a Brasil en 1914. Experto en <strong>Judo y Jiu Jitsu tradicional<\/strong>, Maeda conoci\u00f3 a <strong>Gast\u00e3o Gracie<\/strong>, quien lo ayud\u00f3 a establecerse en el pa\u00eds. En agradecimiento, Maeda ense\u00f1\u00f3 su arte a <strong>Carlos Gracie<\/strong>, hijo de Gast\u00e3o.<\/p><p>Carlos y sus hermanos, en especial <strong>H\u00e9lio Gracie<\/strong>, comenzaron a adaptar las t\u00e9cnicas que hab\u00edan aprendido. H\u00e9lio, de complexi\u00f3n delgada, modific\u00f3 los movimientos para compensar la falta de fuerza f\u00edsica, dando prioridad a <strong>la t\u00e9cnica, la palanca y el control del peso<\/strong> sobre la fuerza bruta.<\/p><p>De esa b\u00fasqueda por la eficiencia naci\u00f3 el <strong>Jiu Jitsu Brasile\u00f1o moderno<\/strong>, un sistema que permit\u00eda a una persona peque\u00f1a y ligera vencer a un oponente m\u00e1s grande mediante inteligencia y precisi\u00f3n.<\/p><p>Con el tiempo, los <strong>Gracie<\/strong> comenzaron a ense\u00f1ar su arte y a demostrar su eficacia en combates abiertos, conocidos como <strong>\u201cVale Tudo\u201d<\/strong> (todo vale). D\u00e9cadas despu\u00e9s, con la creaci\u00f3n del <strong>UFC en 1993<\/strong>, <strong>Royce Gracie<\/strong> se convirti\u00f3 en leyenda al vencer a rivales de otras disciplinas usando \u00fanicamente t\u00e9cnicas de BJJ.<\/p><p>Desde entonces, el Jiu Jitsu Brasile\u00f1o se consolid\u00f3 como la base de las <strong>artes marciales mixtas (MMA)<\/strong> y uno de los sistemas de combate m\u00e1s influyentes del mundo.<\/p><\/div>\n\t\t\t\t<\/div>\n\t\t\t\t<\/div>\n\t\t\t\t<div class=\"elementor-element elementor-element-3c567e0 elementor-widget elementor-widget-image\" data-id=\"3c567e0\" data-element_type=\"widget\" data-widget_type=\"image.default\">\n\t\t\t\t<div class=\"elementor-widget-container\">\n\t\t\t\t\t<div class=\"elementor-image\">\n\t\t\t\t\t\t\t\t\t\t<img loading=\"lazy\" decoding=\"async\" width=\"768\" height=\"750\" src=\"https:\/\/laqueusmuaythai.com\/wp-content\/uploads\/2026\/02\/familia-gracie-768x750.jpg\" class=\"attachment-medium_large size-medium_large\" alt=\"\" srcset=\"https:\/\/laqueusmuaythai.com\/wp-content\/uploads\/2026\/02\/familia-gracie-768x750.jpg 768w, https:\/\/laqueusmuaythai.com\/wp-content\/uploads\/2026\/02\/familia-gracie-300x293.jpg 300w, https:\/\/laqueusmuaythai.com\/wp-content\/uploads\/2026\/02\/familia-gracie-1024x1001.jpg 1024w, https:\/\/laqueusmuaythai.com\/wp-content\/uploads\/2026\/02\/familia-gracie.jpg 1179w\" sizes=\"auto, (max-width: 768px) 100vw, 768px\" \/>\t\t\t\t\t\t\t\t\t\t\t<\/div>\n\t\t\t\t<\/div>\n\t\t\t\t<\/div>\n\t\t\t\t<div class=\"elementor-element elementor-element-9f9ac24 elementor-widget elementor-widget-text-editor\" data-id=\"9f9ac24\" data-element_type=\"widget\" data-widget_type=\"text-editor.default\">\n\t\t\t\t<div class=\"elementor-widget-container\">\n\t\t\t\t\t<div class=\"elementor-text-editor elementor-clearfix\"><p><span lang=\"ES\">\u00bfQuieres saber m\u00e1s sobre el Jiu Jitsu Brasile\u00f1o y los otros artes marciales practicados en nuestra escuela?<\/span>\u00a0Suscr\u00edbete a la web para no perderte nuestras publicaciones \ud83d\ude0a\ud83d\ude4f<\/p><\/div>\n\t\t\t\t<\/div>\n\t\t\t\t<\/div>\n\t\t\t\t<div class=\"elementor-element elementor-element-87944d3 elementor-align-center elementor-widget elementor-widget-button\" data-id=\"87944d3\" data-element_type=\"widget\" data-widget_type=\"button.default\">\n\t\t\t\t<div class=\"elementor-widget-container\">\n\t\t\t\t\t<div class=\"elementor-button-wrapper\">\n\t\t\t<a href=\"#elementor-action%3Aaction%3Dpopup%3Aopen%26settings%3DeyJpZCI6IjExMTEiLCJ0b2dnbGUiOmZhbHNlfQ%3D%3D\" class=\"elementor-button-link elementor-button elementor-size-xs\" role=\"button\">\n\t\t\t\t\t\t<span class=\"elementor-button-content-wrapper\">\n\t\t\t\t\t\t<span class=\"elementor-button-text\">Suscr\u00edbete<\/span>\n\t\t<\/span>\n\t\t\t\t\t<\/a>\n\t\t<\/div>\n\t\t\t\t<\/div>\n\t\t\t\t<\/div>\n\t\t\t\t<div class=\"elementor-element elementor-element-6176aae elementor-widget elementor-widget-heading\" data-id=\"6176aae\" data-element_type=\"widget\" data-widget_type=\"heading.default\">\n\t\t\t\t<div class=\"elementor-widget-container\">\n\t\t\t<h1 class=\"elementor-heading-title elementor-size-default\">\u00bfEn qu\u00e9 consiste el \"Arte Suave\"?<\/h1>\t\t<\/div>\n\t\t\t\t<\/div>\n\t\t\t\t<div class=\"elementor-element elementor-element-2a662fe elementor-widget elementor-widget-text-editor\" data-id=\"2a662fe\" data-element_type=\"widget\" data-widget_type=\"text-editor.default\">\n\t\t\t\t<div class=\"elementor-widget-container\">\n\t\t\t\t\t<div class=\"elementor-text-editor elementor-clearfix\"><p>El <strong>BJJ<\/strong> es un arte marcial que se centra principalmente en el <strong>combate cuerpo a cuerpo y en el suelo<\/strong>. A diferencia de otras artes marciales basadas en golpes o patadas, el Jiu Jitsu busca <strong>llevar al oponente al suelo, controlarlo y someterlo<\/strong> mediante t\u00e9cnicas de estrangulaci\u00f3n, luxaci\u00f3n o inmovilizaci\u00f3n. Se conoce como el &#8220;arte suave&#8221;, ya que prioriza la t\u00e9cnica y la inteligencia sobre la fuerza bruta. Su nombre proviene del japon\u00e9s\u00a0<em><span data-wiz-uids=\"A5N7gb_d\"><a style=\"color: #e7a3ad;\" href=\"https:\/\/www.google.com\/search?q=j%C5%AB&amp;oq=porque+se+le+conoce+como+el+arte+suave&amp;gs_lcrp=EgZjaHJvbWUyBggAEEUYOTIHCAEQIRigAdIBCTY3NDJqMGoxNagCCLACAfEFr_8eszsgjFk&amp;sourceid=chrome&amp;ie=UTF-8&amp;mstk=AUtExfAJXnkKH1Or37KzjdBWmydwXpni3BRo2NiHHCWyWO-dAhzr_Xu1y3hFFyO1zPfDXu2g-QOTj4Nh4SFTp25JQraugSqprGZAAE3WPSX68zBzSdYRVtlcMlqqXMKGYo8pdZCdt_48pkkcdCofK2j3cjxHCswFjHM_dN1usie8ijt1Fqg&amp;csui=3&amp;ved=2ahUKEwj7uYmQ7-CSAxW1RfEDHWM_EkoQgK4QegQIARAC\" data-ved=\"2ahUKEwj7uYmQ7-CSAxW1RfEDHWM_EkoQgK4QegQIARAC\" data-hveid=\"CAEQAg\">j\u016b<\/a><\/span><\/em>\u00a0(suave\/flexible) y\u00a0<em><span data-wiz-uids=\"A5N7gb_g\"><a style=\"color: #e7a3ad;\" href=\"https:\/\/www.google.com\/search?q=jutsu&amp;oq=porque+se+le+conoce+como+el+arte+suave&amp;gs_lcrp=EgZjaHJvbWUyBggAEEUYOTIHCAEQIRigAdIBCTY3NDJqMGoxNagCCLACAfEFr_8eszsgjFk&amp;sourceid=chrome&amp;ie=UTF-8&amp;mstk=AUtExfAJXnkKH1Or37KzjdBWmydwXpni3BRo2NiHHCWyWO-dAhzr_Xu1y3hFFyO1zPfDXu2g-QOTj4Nh4SFTp25JQraugSqprGZAAE3WPSX68zBzSdYRVtlcMlqqXMKGYo8pdZCdt_48pkkcdCofK2j3cjxHCswFjHM_dN1usie8ijt1Fqg&amp;csui=3&amp;ved=2ahUKEwj7uYmQ7-CSAxW1RfEDHWM_EkoQgK4QegQIARAD\" data-ved=\"2ahUKEwj7uYmQ7-CSAxW1RfEDHWM_EkoQgK4QegQIARAD\" data-hveid=\"CAEQAw\">jutsu<\/a><\/span><\/em>\u00a0(arte\/t\u00e9cnica) y su filosof\u00eda se centra en &#8220;fluir como el agua&#8221; para manejar el caos del combate con calma y estrategia.\u00a0<\/p><p>Su principio fundamental es claro:<\/p><p>\u201cLa t\u00e9cnica puede vencer a la fuerza.\u201d<\/p><p>Entre sus movimientos m\u00e1s caracter\u00edsticos se incluyen:<\/p><ul><li><strong>Derribos y proyecciones.<\/strong><\/li><li><b>Raspados<\/b> para invertir posiciones.<\/li><li><strong>Transiciones<\/strong> para obtener ventaja estrat\u00e9gica.<\/li><li><strong>Sumisiones<\/strong> mediante estrangulaciones o palancas articulares<\/li><\/ul><p>\u00a0<\/p><p>El entrenamiento puede hacerse con <strong>kimono (Gi)<\/strong> o sin \u00e9l (<em>No-Gi<\/em>), lo que da lugar a estilos y enfoques distintos. M\u00e1s all\u00e1 del aspecto f\u00edsico, el BJJ se asemeja a un <strong>\u201cajedrez humano\u201d<\/strong>, donde cada movimiento tiene una respuesta y la estrategia mental es tan importante como la t\u00e9cnica.<\/p><\/div>\n\t\t\t\t<\/div>\n\t\t\t\t<\/div>\n\t\t\t\t<div class=\"elementor-element elementor-element-eb5954c elementor-widget elementor-widget-image\" data-id=\"eb5954c\" data-element_type=\"widget\" data-widget_type=\"image.default\">\n\t\t\t\t<div class=\"elementor-widget-container\">\n\t\t\t\t\t<div class=\"elementor-image\">\n\t\t\t\t\t\t\t\t\t\t<img loading=\"lazy\" decoding=\"async\" width=\"800\" height=\"534\" src=\"https:\/\/laqueusmuaythai.com\/wp-content\/uploads\/2026\/02\/chicas_bjj.jpg\" class=\"attachment-large size-large\" alt=\"\" srcset=\"https:\/\/laqueusmuaythai.com\/wp-content\/uploads\/2026\/02\/chicas_bjj.jpg 1000w, https:\/\/laqueusmuaythai.com\/wp-content\/uploads\/2026\/02\/chicas_bjj-300x200.jpg 300w, https:\/\/laqueusmuaythai.com\/wp-content\/uploads\/2026\/02\/chicas_bjj-768x512.jpg 768w\" sizes=\"auto, (max-width: 800px) 100vw, 800px\" \/>\t\t\t\t\t\t\t\t\t\t\t<\/div>\n\t\t\t\t<\/div>\n\t\t\t\t<\/div>\n\t\t\t\t<div class=\"elementor-element elementor-element-b018559 elementor-widget elementor-widget-heading\" data-id=\"b018559\" data-element_type=\"widget\" data-widget_type=\"heading.default\">\n\t\t\t\t<div class=\"elementor-widget-container\">\n\t\t\t<h1 class=\"elementor-heading-title elementor-size-default\">Beneficios f\u00edsicos y mentales del Jiu Jitsu Brasile\u00f1o<\/h1>\t\t<\/div>\n\t\t\t\t<\/div>\n\t\t\t\t<div class=\"elementor-element elementor-element-8aa36e1 elementor-widget elementor-widget-text-editor\" data-id=\"8aa36e1\" data-element_type=\"widget\" data-widget_type=\"text-editor.default\">\n\t\t\t\t<div class=\"elementor-widget-container\">\n\t\t\t\t\t<div class=\"elementor-text-editor elementor-clearfix\"><p>Practicar Jiu Jitsu Brasile\u00f1o es una experiencia transformadora que mejora tanto el cuerpo como la mente. Entre sus principales beneficios destacan:<\/p><ol><li><strong> Condici\u00f3n f\u00edsica completa<\/strong><\/li><\/ol><p>El BJJ desarrolla fuerza funcional, resistencia cardiovascular, flexibilidad y coordinaci\u00f3n. Al ser un deporte de contacto continuo, exige movimiento constante, trabajo muscular equilibrado y quema de calor\u00edas de forma eficiente.<\/p><ol start=\"2\"><li><strong> Mejora de reflejos y equilibrio<\/strong><\/li><\/ol><p>La pr\u00e1ctica constante mejora los reflejos, el control corporal y la agilidad. Los movimientos t\u00e9cnicos exigen precisi\u00f3n y sincronizaci\u00f3n, lo que fortalece la conexi\u00f3n entre mente y cuerpo.<\/p><ol start=\"3\"><li><strong> Inclusividad y accesibilidad<\/strong><\/li><\/ol><p>El BJJ puede ser practicado por <strong>personas de todas las edades, g\u00e9neros y complexiones f\u00edsicas<\/strong>. No depende de la fuerza, sino de la correcta aplicaci\u00f3n de la t\u00e9cnica y del uso inteligente de la energ\u00eda.<\/p><ol start=\"4\"><li><strong> Disciplina mental y crecimiento personal<\/strong><\/li><\/ol><p>El Jiu Jitsu ense\u00f1a <strong>paciencia, humildad y perseverancia<\/strong>. En el tatami, cada derrota es una lecci\u00f3n y cada entrenamiento, una oportunidad para mejorar.<br \/>La pr\u00e1ctica constante fortalece la mente, ayuda a manejar el estr\u00e9s y fomenta la resiliencia.<\/p><ol start=\"5\"><li><strong> Comunidad y valores<\/strong><\/li><\/ol><p>Las academias de Jiu Jitsu son espacios donde se cultiva el <strong>respeto, la camarader\u00eda y la superaci\u00f3n personal<\/strong>. Se genera un sentido de familia y pertenencia que motiva al practicante a seguir creciendo<\/p><\/div>\n\t\t\t\t<\/div>\n\t\t\t\t<\/div>\n\t\t\t\t<div class=\"elementor-element elementor-element-a0e75a6 elementor-widget elementor-widget-image\" data-id=\"a0e75a6\" data-element_type=\"widget\" data-widget_type=\"image.default\">\n\t\t\t\t<div class=\"elementor-widget-container\">\n\t\t\t\t\t<div class=\"elementor-image\">\n\t\t\t\t\t\t\t\t\t\t<img loading=\"lazy\" decoding=\"async\" width=\"800\" height=\"562\" src=\"https:\/\/laqueusmuaythai.com\/wp-content\/uploads\/2026\/02\/bjj-en-barcelona-1.jpg\" class=\"attachment-large size-large\" alt=\"\" srcset=\"https:\/\/laqueusmuaythai.com\/wp-content\/uploads\/2026\/02\/bjj-en-barcelona-1.jpg 1024w, https:\/\/laqueusmuaythai.com\/wp-content\/uploads\/2026\/02\/bjj-en-barcelona-1-300x211.jpg 300w, https:\/\/laqueusmuaythai.com\/wp-content\/uploads\/2026\/02\/bjj-en-barcelona-1-768x539.jpg 768w\" sizes=\"auto, (max-width: 800px) 100vw, 800px\" \/>\t\t\t\t\t\t\t\t\t\t\t<\/div>\n\t\t\t\t<\/div>\n\t\t\t\t<\/div>\n\t\t\t\t<div class=\"elementor-element elementor-element-d83bb43 elementor-widget elementor-widget-heading\" data-id=\"d83bb43\" data-element_type=\"widget\" data-widget_type=\"heading.default\">\n\t\t\t\t<div class=\"elementor-widget-container\">\n\t\t\t<h1 class=\"elementor-heading-title elementor-size-default\">El Jiu Jitsu como defensa personal<\/h1>\t\t<\/div>\n\t\t\t\t<\/div>\n\t\t\t\t<div class=\"elementor-element elementor-element-b687467 elementor-widget elementor-widget-text-editor\" data-id=\"b687467\" data-element_type=\"widget\" data-widget_type=\"text-editor.default\">\n\t\t\t\t<div class=\"elementor-widget-container\">\n\t\t\t\t\t<div class=\"elementor-text-editor elementor-clearfix\"><p>El <strong>Jiu Jitsu Brasile\u00f1o<\/strong> es reconocido como una de las <strong>formas m\u00e1s efectivas de defensa personal<\/strong>. Su enfoque realista permite neutralizar agresores de mayor tama\u00f1o o fuerza sin recurrir a golpes violentos.<\/p><p>En una situaci\u00f3n real, el combate suele terminar en el suelo, y ah\u00ed es donde el BJJ marca la diferencia. El practicante aprende a <strong>controlar, inmovilizar o someter al atacante<\/strong> con movimientos precisos y seguros, minimizando el riesgo de da\u00f1o tanto para s\u00ed mismo como para el oponente.<\/p><p>Adem\u00e1s, el entrenamiento constante en situaciones de presi\u00f3n ense\u00f1a a <strong>mantener la calma y reaccionar con claridad<\/strong>, una habilidad crucial en cualquier contexto de peligro.<\/p><p>Por ello, muchas <strong>fuerzas policiales y programas de defensa femenina<\/strong> han incorporado t\u00e9cnicas del BJJ en su formaci\u00f3n.<\/p><\/div>\n\t\t\t\t<\/div>\n\t\t\t\t<\/div>\n\t\t\t\t<div class=\"elementor-element elementor-element-4bd5f72 elementor-widget elementor-widget-heading\" data-id=\"4bd5f72\" data-element_type=\"widget\" data-widget_type=\"heading.default\">\n\t\t\t\t<div class=\"elementor-widget-container\">\n\t\t\t<h1 class=\"elementor-heading-title elementor-size-default\">M\u00e1s que un arte marcial, un estilo de vida<\/h1>\t\t<\/div>\n\t\t\t\t<\/div>\n\t\t\t\t<div class=\"elementor-element elementor-element-a65f762 elementor-widget elementor-widget-text-editor\" data-id=\"a65f762\" data-element_type=\"widget\" data-widget_type=\"text-editor.default\">\n\t\t\t\t<div class=\"elementor-widget-container\">\n\t\t\t\t\t<div class=\"elementor-text-editor elementor-clearfix\"><p>El <strong>Jiu Jitsu Brasile\u00f1o<\/strong> no solo moldea el cuerpo: transforma la mentalidad. Cada entrenamiento ense\u00f1a humildad, estrategia y autocontrol. En un mundo acelerado, el tatami se convierte en un espacio para reencontrarse con uno mismo, liberar tensiones y cultivar disciplina.<\/p><p>Practicar BJJ es tambi\u00e9n aprender a <strong>caer y levantarse<\/strong> \u2014literal y metaf\u00f3ricamente\u2014, a pensar antes de actuar y a adaptarse a cualquier situaci\u00f3n, dentro o fuera del combate.<\/p><\/div>\n\t\t\t\t<\/div>\n\t\t\t\t<\/div>\n\t\t\t\t<div class=\"elementor-element elementor-element-814252a elementor-widget elementor-widget-image\" data-id=\"814252a\" data-element_type=\"widget\" data-widget_type=\"image.default\">\n\t\t\t\t<div class=\"elementor-widget-container\">\n\t\t\t\t\t<div class=\"elementor-image\">\n\t\t\t\t\t\t\t\t\t\t<img loading=\"lazy\" decoding=\"async\" width=\"800\" height=\"450\" src=\"https:\/\/laqueusmuaythai.com\/wp-content\/uploads\/2026\/02\/brazilian-jiu-jitsu-2957075_1920-1024x576.jpg\" class=\"attachment-large size-large\" alt=\"\" srcset=\"https:\/\/laqueusmuaythai.com\/wp-content\/uploads\/2026\/02\/brazilian-jiu-jitsu-2957075_1920-1024x576.jpg 1024w, https:\/\/laqueusmuaythai.com\/wp-content\/uploads\/2026\/02\/brazilian-jiu-jitsu-2957075_1920-300x169.jpg 300w, https:\/\/laqueusmuaythai.com\/wp-content\/uploads\/2026\/02\/brazilian-jiu-jitsu-2957075_1920-768x432.jpg 768w, https:\/\/laqueusmuaythai.com\/wp-content\/uploads\/2026\/02\/brazilian-jiu-jitsu-2957075_1920-1536x864.jpg 1536w, https:\/\/laqueusmuaythai.com\/wp-content\/uploads\/2026\/02\/brazilian-jiu-jitsu-2957075_1920.jpg 1920w\" sizes=\"auto, (max-width: 800px) 100vw, 800px\" \/>\t\t\t\t\t\t\t\t\t\t\t<\/div>\n\t\t\t\t<\/div>\n\t\t\t\t<\/div>\n\t\t\t\t<div class=\"elementor-element elementor-element-1b0f41f elementor-widget elementor-widget-text-editor\" data-id=\"1b0f41f\" data-element_type=\"widget\" data-widget_type=\"text-editor.default\">\n\t\t\t\t<div class=\"elementor-widget-container\">\n\t\t\t\t\t<div class=\"elementor-text-editor elementor-clearfix\"><p>El <strong>Jiu Jitsu Brasile\u00f1o<\/strong> representa la uni\u00f3n perfecta entre arte, ciencia y filosof\u00eda.<\/p><p>Naci\u00f3 de la necesidad de superar la fuerza f\u00edsica mediante la inteligencia t\u00e9cnica y hoy se mantiene como una de las disciplinas m\u00e1s completas del mundo.<\/p><p>Su legado es claro: <strong>no se trata de dominar al otro, sino de dominarse a uno mismo.<\/strong><\/p><p>\u201cEl Jiu Jitsu ense\u00f1a que una persona peque\u00f1a y d\u00e9bil puede defenderse de un oponente m\u00e1s grande y fuerte usando inteligencia y t\u00e9cnica.\u201d \u2013 <em>Familia Gracie.<\/em><\/p><p>Ya sea como <strong>deporte, defensa personal o camino de desarrollo personal<\/strong>, el BJJ ofrece una lecci\u00f3n universal: la verdadera fuerza proviene del control, la t\u00e9cnica y la mente.<\/p><\/div>\n\t\t\t\t<\/div>\n\t\t\t\t<\/div>\n\t\t\t\t\t\t<\/div>\n\t\t\t\t\t<\/div>\n\t\t<\/div>\n\t\t\t\t\t\t\t\t<\/div>\n\t\t\t\t\t<\/div>\n\t\t<\/section>\n\t\t\t\t\t\t<\/div>\n\t\t\t\t\t\t<\/div>\n\t\t\t\t\t<\/div>\n\t\t","protected":false},"excerpt":{"rendered":"<p>Jiu Jitsu Brasile\u00f1o en Granada \u00bfQuieres aprender uno de los deportes de combate m\u00e1s efectivos y populares? Est\u00e1s de suerte. En nuestra escuela tendr\u00e1s la mejor formaci\u00f3n y el mejor ambiente para practicar Jiu Jitsu Brasile\u00f1o. Tanto si est\u00e1s de paso como si vives en Gramada o alrededores, nos tienes a tu disposici\u00f3n en el [&hellip;]<\/p>\n","protected":false},"author":1,"featured_media":0,"parent":0,"menu_order":0,"comment_status":"closed","ping_status":"closed","template":"","meta":{"footnotes":""},"class_list":["post-804","page","type-page","status-publish","hentry"],"_links":{"self":[{"href":"https:\/\/laqueusmuaythai.com\/index.php\/wp-json\/wp\/v2\/pages\/804","targetHints":{"allow":["GET"]}}],"collection":[{"href":"https:\/\/laqueusmuaythai.com\/index.php\/wp-json\/wp\/v2\/pages"}],"about":[{"href":"https:\/\/laqueusmuaythai.com\/index.php\/wp-json\/wp\/v2\/types\/page"}],"author":[{"embeddable":true,"href":"https:\/\/laqueusmuaythai.com\/index.php\/wp-json\/wp\/v2\/users\/1"}],"replies":[{"embeddable":true,"href":"https:\/\/laqueusmuaythai.com\/index.php\/wp-json\/wp\/v2\/comments?post=804"}],"version-history":[{"count":18,"href":"https:\/\/laqueusmuaythai.com\/index.php\/wp-json\/wp\/v2\/pages\/804\/revisions"}],"predecessor-version":[{"id":2846,"href":"https:\/\/laqueusmuaythai.com\/index.php\/wp-json\/wp\/v2\/pages\/804\/revisions\/2846"}],"wp:attachment":[{"href":"https:\/\/laqueusmuaythai.com\/index.php\/wp-json\/wp\/v2\/media?parent=804"}],"curies":[{"name":"wp","href":"https:\/\/api.w.org\/{rel}","templated":true}]}}